{"id":10063,"date":"2021-03-13T21:09:51","date_gmt":"2021-03-14T03:09:51","guid":{"rendered":"https:\/\/customhockeysticks.ca\/?post_type=product&#038;p=10063"},"modified":"2021-03-20T20:43:01","modified_gmt":"2021-03-21T00:43:01","slug":"sac-de-baton-de-hockey-personnalise","status":"publish","type":"product","link":"https:\/\/customhockeysticks.ca\/fr\/produit\/sac-de-baton-de-hockey-personnalise\/","title":{"rendered":"Sac de b\u00e2ton de hockey personnalis\u00e9"},"content":{"rendered":"","protected":false},"excerpt":{"rendered":"<p>Besoin d&rsquo;un sac suppl\u00e9mentaire pour vos b\u00e2tons de hockey personnalis\u00e9s? Choisissez ci-dessous parmi les diff\u00e9rentes tailles disponibles. Toutes nos tailles standard peuvent contenir jusqu&rsquo;\u00e0 3 b\u00e2tons chacune. Chaque sac est livr\u00e9 avec une carte de joueur.<\/p>\n","protected":false},"featured_media":10087,"template":"","meta":{"_acf_changed":false},"product_brand":[],"product_cat":[76],"product_tag":[],"class_list":{"0":"post-10063","1":"product","2":"type-product","3":"status-publish","4":"has-post-thumbnail","6":"product_cat-sac-de-baton","7":"product_shipping_class-livraison-gratuite","9":"first","10":"onbackorder","11":"taxable","12":"shipping-taxable","13":"purchasable","14":"product-type-variable","15":"has-default-attributes"},"acf":[],"yoast_head":"<!-- This site is optimized with the Yoast SEO plugin v27.3 - https:\/\/yoast.com\/product\/yoast-seo-wordpress\/ -->\n<title>Sacs de b\u00e2ton de hockey | Custom Hockey Sticks - CHS<\/title>\n<meta name=\"description\" content=\"Besoin d&#039;un sac suppl\u00e9mentaire pour vos b\u00e2tons de hockey? Nos tailles standard peuvent contenir jusqu&#039;\u00e0 3 b\u00e2tons.\" \/>\n<meta name=\"robots\" content=\"index, follow, max-snippet:-1, max-image-preview:large, max-video-preview:-1\" \/>\n<link rel=\"canonical\" href=\"https:\/\/customhockeysticks.ca\/fr\/produit\/sac-de-baton-de-hockey-personnalise\/\" \/>\n<meta property=\"og:locale\" content=\"fr_FR\" \/>\n<meta property=\"og:type\" content=\"article\" \/>\n<meta property=\"og:title\" content=\"Sacs de b\u00e2ton de hockey | Custom Hockey Sticks - CHS\" \/>\n<meta property=\"og:description\" content=\"Besoin d&#039;un sac suppl\u00e9mentaire pour vos b\u00e2tons de hockey? Nos tailles standard peuvent contenir jusqu&#039;\u00e0 3 b\u00e2tons.\" \/>\n<meta property=\"og:url\" content=\"https:\/\/customhockeysticks.ca\/fr\/produit\/sac-de-baton-de-hockey-personnalise\/\" \/>\n<meta property=\"og:site_name\" content=\"Custom Hockey Sticks - CHS | Fully Customizable Pro Level Hockey Sticks\" \/>\n<meta property=\"article:publisher\" content=\"https:\/\/www.facebook.com\/customhockeysticks\/\" \/>\n<meta property=\"article:modified_time\" content=\"2021-03-21T00:43:01+00:00\" \/>\n<meta property=\"og:image\" content=\"https:\/\/customhockeysticks.ca\/wp-content\/uploads\/2021\/03\/Custom-hockey-stick-bag-product.jpg\" \/>\n\t<meta property=\"og:image:width\" content=\"2000\" \/>\n\t<meta property=\"og:image:height\" content=\"2000\" \/>\n\t<meta property=\"og:image:type\" content=\"image\/jpeg\" \/>\n<meta name=\"twitter:card\" content=\"summary_large_image\" \/>\n<script type=\"application\/ld+json\" class=\"yoast-schema-graph\">{\"@context\":\"https:\\\/\\\/schema.org\",\"@graph\":[{\"@type\":\"WebPage\",\"@id\":\"https:\\\/\\\/customhockeysticks.ca\\\/fr\\\/produit\\\/sac-de-baton-de-hockey-personnalise\\\/\",\"url\":\"https:\\\/\\\/customhockeysticks.ca\\\/fr\\\/produit\\\/sac-de-baton-de-hockey-personnalise\\\/\",\"name\":\"Sacs de b\u00e2ton de hockey | Custom Hockey Sticks - CHS\",\"isPartOf\":{\"@id\":\"https:\\\/\\\/customhockeysticks.ca\\\/#website\"},\"primaryImageOfPage\":{\"@id\":\"https:\\\/\\\/customhockeysticks.ca\\\/fr\\\/produit\\\/sac-de-baton-de-hockey-personnalise\\\/#primaryimage\"},\"image\":{\"@id\":\"https:\\\/\\\/customhockeysticks.ca\\\/fr\\\/produit\\\/sac-de-baton-de-hockey-personnalise\\\/#primaryimage\"},\"thumbnailUrl\":\"https:\\\/\\\/customhockeysticks.ca\\\/wp-content\\\/uploads\\\/2021\\\/03\\\/Custom-hockey-stick-bag-product.jpg\",\"datePublished\":\"2021-03-14T02:09:51+00:00\",\"dateModified\":\"2021-03-21T00:43:01+00:00\",\"description\":\"Besoin d'un sac suppl\u00e9mentaire pour vos b\u00e2tons de hockey? Nos tailles standard peuvent contenir jusqu'\u00e0 3 b\u00e2tons.\",\"breadcrumb\":{\"@id\":\"https:\\\/\\\/customhockeysticks.ca\\\/fr\\\/produit\\\/sac-de-baton-de-hockey-personnalise\\\/#breadcrumb\"},\"inLanguage\":\"fr-FR\",\"potentialAction\":[{\"@type\":\"ReadAction\",\"target\":[\"https:\\\/\\\/customhockeysticks.ca\\\/fr\\\/produit\\\/sac-de-baton-de-hockey-personnalise\\\/\"]}]},{\"@type\":\"ImageObject\",\"inLanguage\":\"fr-FR\",\"@id\":\"https:\\\/\\\/customhockeysticks.ca\\\/fr\\\/produit\\\/sac-de-baton-de-hockey-personnalise\\\/#primaryimage\",\"url\":\"https:\\\/\\\/customhockeysticks.ca\\\/wp-content\\\/uploads\\\/2021\\\/03\\\/Custom-hockey-stick-bag-product.jpg\",\"contentUrl\":\"https:\\\/\\\/customhockeysticks.ca\\\/wp-content\\\/uploads\\\/2021\\\/03\\\/Custom-hockey-stick-bag-product.jpg\",\"width\":2000,\"height\":2000},{\"@type\":\"BreadcrumbList\",\"@id\":\"https:\\\/\\\/customhockeysticks.ca\\\/fr\\\/produit\\\/sac-de-baton-de-hockey-personnalise\\\/#breadcrumb\",\"itemListElement\":[{\"@type\":\"ListItem\",\"position\":1,\"name\":\"Home\",\"item\":\"https:\\\/\\\/customhockeysticks.ca\\\/\"},{\"@type\":\"ListItem\",\"position\":2,\"name\":\"Boutique\",\"item\":\"https:\\\/\\\/customhockeysticks.ca\\\/shop\\\/\"},{\"@type\":\"ListItem\",\"position\":3,\"name\":\"Sac de b\u00e2ton de hockey personnalis\u00e9\"}]},{\"@type\":\"WebSite\",\"@id\":\"https:\\\/\\\/customhockeysticks.ca\\\/#website\",\"url\":\"https:\\\/\\\/customhockeysticks.ca\\\/\",\"name\":\"Custom Hockey Sticks - CHS | Fully Customizable Pro Level Hockey Sticks\",\"description\":\"Custom Hockey Sticks offers professional grade, fully customizable, carbon graphite hockey sticks without an expensive price tag.\",\"potentialAction\":[{\"@type\":\"SearchAction\",\"target\":{\"@type\":\"EntryPoint\",\"urlTemplate\":\"https:\\\/\\\/customhockeysticks.ca\\\/?s={search_term_string}\"},\"query-input\":{\"@type\":\"PropertyValueSpecification\",\"valueRequired\":true,\"valueName\":\"search_term_string\"}}],\"inLanguage\":\"fr-FR\"}]}<\/script>\n<!-- \/ Yoast SEO plugin. -->","yoast_head_json":{"title":"Sacs de b\u00e2ton de hockey | Custom Hockey Sticks - CHS","description":"Besoin d'un sac suppl\u00e9mentaire pour vos b\u00e2tons de hockey? Nos tailles standard peuvent contenir jusqu'\u00e0 3 b\u00e2tons.","robots":{"index":"index","follow":"follow","max-snippet":"max-snippet:-1","max-image-preview":"max-image-preview:large","max-video-preview":"max-video-preview:-1"},"canonical":"https:\/\/customhockeysticks.ca\/fr\/produit\/sac-de-baton-de-hockey-personnalise\/","og_locale":"fr_FR","og_type":"article","og_title":"Sacs de b\u00e2ton de hockey | Custom Hockey Sticks - CHS","og_description":"Besoin d'un sac suppl\u00e9mentaire pour vos b\u00e2tons de hockey? Nos tailles standard peuvent contenir jusqu'\u00e0 3 b\u00e2tons.","og_url":"https:\/\/customhockeysticks.ca\/fr\/produit\/sac-de-baton-de-hockey-personnalise\/","og_site_name":"Custom Hockey Sticks - CHS | Fully Customizable Pro Level Hockey Sticks","article_publisher":"https:\/\/www.facebook.com\/customhockeysticks\/","article_modified_time":"2021-03-21T00:43:01+00:00","og_image":[{"width":2000,"height":2000,"url":"https:\/\/customhockeysticks.ca\/wp-content\/uploads\/2021\/03\/Custom-hockey-stick-bag-product.jpg","type":"image\/jpeg"}],"twitter_card":"summary_large_image","schema":{"@context":"https:\/\/schema.org","@graph":[{"@type":"WebPage","@id":"https:\/\/customhockeysticks.ca\/fr\/produit\/sac-de-baton-de-hockey-personnalise\/","url":"https:\/\/customhockeysticks.ca\/fr\/produit\/sac-de-baton-de-hockey-personnalise\/","name":"Sacs de b\u00e2ton de hockey | Custom Hockey Sticks - CHS","isPartOf":{"@id":"https:\/\/customhockeysticks.ca\/#website"},"primaryImageOfPage":{"@id":"https:\/\/customhockeysticks.ca\/fr\/produit\/sac-de-baton-de-hockey-personnalise\/#primaryimage"},"image":{"@id":"https:\/\/customhockeysticks.ca\/fr\/produit\/sac-de-baton-de-hockey-personnalise\/#primaryimage"},"thumbnailUrl":"https:\/\/customhockeysticks.ca\/wp-content\/uploads\/2021\/03\/Custom-hockey-stick-bag-product.jpg","datePublished":"2021-03-14T02:09:51+00:00","dateModified":"2021-03-21T00:43:01+00:00","description":"Besoin d'un sac suppl\u00e9mentaire pour vos b\u00e2tons de hockey? Nos tailles standard peuvent contenir jusqu'\u00e0 3 b\u00e2tons.","breadcrumb":{"@id":"https:\/\/customhockeysticks.ca\/fr\/produit\/sac-de-baton-de-hockey-personnalise\/#breadcrumb"},"inLanguage":"fr-FR","potentialAction":[{"@type":"ReadAction","target":["https:\/\/customhockeysticks.ca\/fr\/produit\/sac-de-baton-de-hockey-personnalise\/"]}]},{"@type":"ImageObject","inLanguage":"fr-FR","@id":"https:\/\/customhockeysticks.ca\/fr\/produit\/sac-de-baton-de-hockey-personnalise\/#primaryimage","url":"https:\/\/customhockeysticks.ca\/wp-content\/uploads\/2021\/03\/Custom-hockey-stick-bag-product.jpg","contentUrl":"https:\/\/customhockeysticks.ca\/wp-content\/uploads\/2021\/03\/Custom-hockey-stick-bag-product.jpg","width":2000,"height":2000},{"@type":"BreadcrumbList","@id":"https:\/\/customhockeysticks.ca\/fr\/produit\/sac-de-baton-de-hockey-personnalise\/#breadcrumb","itemListElement":[{"@type":"ListItem","position":1,"name":"Home","item":"https:\/\/customhockeysticks.ca\/"},{"@type":"ListItem","position":2,"name":"Boutique","item":"https:\/\/customhockeysticks.ca\/shop\/"},{"@type":"ListItem","position":3,"name":"Sac de b\u00e2ton de hockey personnalis\u00e9"}]},{"@type":"WebSite","@id":"https:\/\/customhockeysticks.ca\/#website","url":"https:\/\/customhockeysticks.ca\/","name":"Custom Hockey Sticks - CHS | Fully Customizable Pro Level Hockey Sticks","description":"Custom Hockey Sticks offers professional grade, fully customizable, carbon graphite hockey sticks without an expensive price tag.","potentialAction":[{"@type":"SearchAction","target":{"@type":"EntryPoint","urlTemplate":"https:\/\/customhockeysticks.ca\/?s={search_term_string}"},"query-input":{"@type":"PropertyValueSpecification","valueRequired":true,"valueName":"search_term_string"}}],"inLanguage":"fr-FR"}]}},"wcpa_form_fields":null,"_links":{"self":[{"href":"https:\/\/customhockeysticks.ca\/fr\/wp-json\/wp\/v2\/product\/10063","targetHints":{"allow":["GET"]}}],"collection":[{"href":"https:\/\/customhockeysticks.ca\/fr\/wp-json\/wp\/v2\/product"}],"about":[{"href":"https:\/\/customhockeysticks.ca\/fr\/wp-json\/wp\/v2\/types\/product"}],"version-history":[{"count":0,"href":"https:\/\/customhockeysticks.ca\/fr\/wp-json\/wp\/v2\/product\/10063\/revisions"}],"wp:featuredmedia":[{"embeddable":true,"href":"https:\/\/customhockeysticks.ca\/fr\/wp-json\/wp\/v2\/media\/10087"}],"wp:attachment":[{"href":"https:\/\/customhockeysticks.ca\/fr\/wp-json\/wp\/v2\/media?parent=10063"}],"wp:term":[{"taxonomy":"product_brand","embeddable":true,"href":"https:\/\/customhockeysticks.ca\/fr\/wp-json\/wp\/v2\/product_brand?post=10063"},{"taxonomy":"product_cat","embeddable":true,"href":"https:\/\/customhockeysticks.ca\/fr\/wp-json\/wp\/v2\/product_cat?post=10063"},{"taxonomy":"product_tag","embeddable":true,"href":"https:\/\/customhockeysticks.ca\/fr\/wp-json\/wp\/v2\/product_tag?post=10063"}],"curies":[{"name":"wp","href":"https:\/\/api.w.org\/{rel}","templated":true}]}}