{"id":10800,"date":"2021-07-12T21:12:02","date_gmt":"2021-07-13T01:12:02","guid":{"rendered":"https:\/\/customhockeysticks.ca\/product\/custom-hockey-sledge-stick\/"},"modified":"2025-08-08T11:48:43","modified_gmt":"2025-08-08T15:48:43","slug":"custom-hockey-sledge-stick","status":"publish","type":"product","link":"https:\/\/customhockeysticks.ca\/fr\/produit\/custom-hockey-sledge-stick\/","title":{"rendered":"Custom Hockey Sledge Stick"},"content":{"rendered":"","protected":false},"excerpt":{"rendered":"<p>Nos b\u00e2tons de hockey professionnel de Sled\/Sledge\/Para sont parfaits pour les joueurs de tous niveaux. Con\u00e7us pour r\u00e9sister aux jeux intenses, nos b\u00e2tons sont disponibles en fibre de carbone 12K ou 18K.<\/p>\n<ul>\n<li>Chaque main est vendue s\u00e9par\u00e9ment<\/li>\n<li>N\u2019inclut pas les pics \u00e0 glace.<\/li>\n<\/ul>\n","protected":false},"featured_media":10724,"template":"","meta":{"_acf_changed":false},"product_brand":[],"product_cat":[79],"product_tag":[],"class_list":{"0":"post-10800","1":"product","2":"type-product","3":"status-publish","4":"has-post-thumbnail","6":"product_cat-sledge","8":"first","9":"outofstock","10":"taxable","11":"shipping-taxable","12":"purchasable","13":"product-type-variable"},"acf":[],"yoast_head":"<!-- This site is optimized with the Yoast SEO plugin v27.3 - https:\/\/yoast.com\/product\/yoast-seo-wordpress\/ -->\n<title>Custom Hockey Sledge Stick - Custom Hockey Sticks - CHS | Fully Customizable Pro Level Hockey Sticks<\/title>\n<meta name=\"robots\" content=\"index, follow, max-snippet:-1, max-image-preview:large, max-video-preview:-1\" \/>\n<link rel=\"canonical\" href=\"https:\/\/customhockeysticks.ca\/fr\/produit\/custom-hockey-sledge-stick\/\" \/>\n<meta property=\"og:locale\" content=\"fr_FR\" \/>\n<meta property=\"og:type\" content=\"article\" \/>\n<meta property=\"og:title\" content=\"Custom Hockey Sledge Stick - Custom Hockey Sticks - CHS | Fully Customizable Pro Level Hockey Sticks\" \/>\n<meta property=\"og:description\" content=\"Nos b\u00e2tons de hockey professionnel de Sled\/Sledge\/Para sont parfaits pour les joueurs de tous niveaux. Con\u00e7us pour r\u00e9sister aux jeux intenses, nos b\u00e2tons sont disponibles en fibre de carbone 12K ou 18K.   Chaque main est vendue s\u00e9par\u00e9ment  N\u2019inclut pas les pics \u00e0 glace.\" \/>\n<meta property=\"og:url\" content=\"https:\/\/customhockeysticks.ca\/fr\/produit\/custom-hockey-sledge-stick\/\" \/>\n<meta property=\"og:site_name\" content=\"Custom Hockey Sticks - CHS | Fully Customizable Pro Level Hockey Sticks\" \/>\n<meta property=\"article:publisher\" content=\"https:\/\/www.facebook.com\/customhockeysticks\/\" \/>\n<meta property=\"article:modified_time\" content=\"2025-08-08T15:48:43+00:00\" \/>\n<meta property=\"og:image\" content=\"https:\/\/customhockeysticks.ca\/wp-content\/uploads\/2021\/07\/Custom-Hockey-Sledge-Stick-2.jpg\" \/>\n\t<meta property=\"og:image:width\" content=\"2000\" \/>\n\t<meta property=\"og:image:height\" content=\"2000\" \/>\n\t<meta property=\"og:image:type\" content=\"image\/jpeg\" \/>\n<meta name=\"twitter:card\" content=\"summary_large_image\" \/>\n<script type=\"application\/ld+json\" class=\"yoast-schema-graph\">{\"@context\":\"https:\\\/\\\/schema.org\",\"@graph\":[{\"@type\":\"WebPage\",\"@id\":\"https:\\\/\\\/customhockeysticks.ca\\\/fr\\\/produit\\\/custom-hockey-sledge-stick\\\/\",\"url\":\"https:\\\/\\\/customhockeysticks.ca\\\/fr\\\/produit\\\/custom-hockey-sledge-stick\\\/\",\"name\":\"Custom Hockey Sledge Stick - Custom Hockey Sticks - CHS | Fully Customizable Pro Level Hockey Sticks\",\"isPartOf\":{\"@id\":\"https:\\\/\\\/customhockeysticks.ca\\\/#website\"},\"primaryImageOfPage\":{\"@id\":\"https:\\\/\\\/customhockeysticks.ca\\\/fr\\\/produit\\\/custom-hockey-sledge-stick\\\/#primaryimage\"},\"image\":{\"@id\":\"https:\\\/\\\/customhockeysticks.ca\\\/fr\\\/produit\\\/custom-hockey-sledge-stick\\\/#primaryimage\"},\"thumbnailUrl\":\"https:\\\/\\\/customhockeysticks.ca\\\/wp-content\\\/uploads\\\/2021\\\/07\\\/Custom-Hockey-Sledge-Stick-2.jpg\",\"datePublished\":\"2021-07-13T01:12:02+00:00\",\"dateModified\":\"2025-08-08T15:48:43+00:00\",\"breadcrumb\":{\"@id\":\"https:\\\/\\\/customhockeysticks.ca\\\/fr\\\/produit\\\/custom-hockey-sledge-stick\\\/#breadcrumb\"},\"inLanguage\":\"fr-FR\",\"potentialAction\":[{\"@type\":\"ReadAction\",\"target\":[\"https:\\\/\\\/customhockeysticks.ca\\\/fr\\\/produit\\\/custom-hockey-sledge-stick\\\/\"]}]},{\"@type\":\"ImageObject\",\"inLanguage\":\"fr-FR\",\"@id\":\"https:\\\/\\\/customhockeysticks.ca\\\/fr\\\/produit\\\/custom-hockey-sledge-stick\\\/#primaryimage\",\"url\":\"https:\\\/\\\/customhockeysticks.ca\\\/wp-content\\\/uploads\\\/2021\\\/07\\\/Custom-Hockey-Sledge-Stick-2.jpg\",\"contentUrl\":\"https:\\\/\\\/customhockeysticks.ca\\\/wp-content\\\/uploads\\\/2021\\\/07\\\/Custom-Hockey-Sledge-Stick-2.jpg\",\"width\":2000,\"height\":2000},{\"@type\":\"BreadcrumbList\",\"@id\":\"https:\\\/\\\/customhockeysticks.ca\\\/fr\\\/produit\\\/custom-hockey-sledge-stick\\\/#breadcrumb\",\"itemListElement\":[{\"@type\":\"ListItem\",\"position\":1,\"name\":\"Home\",\"item\":\"https:\\\/\\\/customhockeysticks.ca\\\/\"},{\"@type\":\"ListItem\",\"position\":2,\"name\":\"Boutique\",\"item\":\"https:\\\/\\\/customhockeysticks.ca\\\/shop\\\/\"},{\"@type\":\"ListItem\",\"position\":3,\"name\":\"Custom Hockey Sledge Stick\"}]},{\"@type\":\"WebSite\",\"@id\":\"https:\\\/\\\/customhockeysticks.ca\\\/#website\",\"url\":\"https:\\\/\\\/customhockeysticks.ca\\\/\",\"name\":\"Custom Hockey Sticks - CHS | Fully Customizable Pro Level Hockey Sticks\",\"description\":\"Custom Hockey Sticks offers professional grade, fully customizable, carbon graphite hockey sticks without an expensive price tag.\",\"potentialAction\":[{\"@type\":\"SearchAction\",\"target\":{\"@type\":\"EntryPoint\",\"urlTemplate\":\"https:\\\/\\\/customhockeysticks.ca\\\/?s={search_term_string}\"},\"query-input\":{\"@type\":\"PropertyValueSpecification\",\"valueRequired\":true,\"valueName\":\"search_term_string\"}}],\"inLanguage\":\"fr-FR\"}]}<\/script>\n<!-- \/ Yoast SEO plugin. -->","yoast_head_json":{"title":"Custom Hockey Sledge Stick - Custom Hockey Sticks - CHS | Fully Customizable Pro Level Hockey Sticks","robots":{"index":"index","follow":"follow","max-snippet":"max-snippet:-1","max-image-preview":"max-image-preview:large","max-video-preview":"max-video-preview:-1"},"canonical":"https:\/\/customhockeysticks.ca\/fr\/produit\/custom-hockey-sledge-stick\/","og_locale":"fr_FR","og_type":"article","og_title":"Custom Hockey Sledge Stick - Custom Hockey Sticks - CHS | Fully Customizable Pro Level Hockey Sticks","og_description":"Nos b\u00e2tons de hockey professionnel de Sled\/Sledge\/Para sont parfaits pour les joueurs de tous niveaux. Con\u00e7us pour r\u00e9sister aux jeux intenses, nos b\u00e2tons sont disponibles en fibre de carbone 12K ou 18K.   Chaque main est vendue s\u00e9par\u00e9ment  N\u2019inclut pas les pics \u00e0 glace.","og_url":"https:\/\/customhockeysticks.ca\/fr\/produit\/custom-hockey-sledge-stick\/","og_site_name":"Custom Hockey Sticks - CHS | Fully Customizable Pro Level Hockey Sticks","article_publisher":"https:\/\/www.facebook.com\/customhockeysticks\/","article_modified_time":"2025-08-08T15:48:43+00:00","og_image":[{"width":2000,"height":2000,"url":"https:\/\/customhockeysticks.ca\/wp-content\/uploads\/2021\/07\/Custom-Hockey-Sledge-Stick-2.jpg","type":"image\/jpeg"}],"twitter_card":"summary_large_image","schema":{"@context":"https:\/\/schema.org","@graph":[{"@type":"WebPage","@id":"https:\/\/customhockeysticks.ca\/fr\/produit\/custom-hockey-sledge-stick\/","url":"https:\/\/customhockeysticks.ca\/fr\/produit\/custom-hockey-sledge-stick\/","name":"Custom Hockey Sledge Stick - Custom Hockey Sticks - CHS | Fully Customizable Pro Level Hockey Sticks","isPartOf":{"@id":"https:\/\/customhockeysticks.ca\/#website"},"primaryImageOfPage":{"@id":"https:\/\/customhockeysticks.ca\/fr\/produit\/custom-hockey-sledge-stick\/#primaryimage"},"image":{"@id":"https:\/\/customhockeysticks.ca\/fr\/produit\/custom-hockey-sledge-stick\/#primaryimage"},"thumbnailUrl":"https:\/\/customhockeysticks.ca\/wp-content\/uploads\/2021\/07\/Custom-Hockey-Sledge-Stick-2.jpg","datePublished":"2021-07-13T01:12:02+00:00","dateModified":"2025-08-08T15:48:43+00:00","breadcrumb":{"@id":"https:\/\/customhockeysticks.ca\/fr\/produit\/custom-hockey-sledge-stick\/#breadcrumb"},"inLanguage":"fr-FR","potentialAction":[{"@type":"ReadAction","target":["https:\/\/customhockeysticks.ca\/fr\/produit\/custom-hockey-sledge-stick\/"]}]},{"@type":"ImageObject","inLanguage":"fr-FR","@id":"https:\/\/customhockeysticks.ca\/fr\/produit\/custom-hockey-sledge-stick\/#primaryimage","url":"https:\/\/customhockeysticks.ca\/wp-content\/uploads\/2021\/07\/Custom-Hockey-Sledge-Stick-2.jpg","contentUrl":"https:\/\/customhockeysticks.ca\/wp-content\/uploads\/2021\/07\/Custom-Hockey-Sledge-Stick-2.jpg","width":2000,"height":2000},{"@type":"BreadcrumbList","@id":"https:\/\/customhockeysticks.ca\/fr\/produit\/custom-hockey-sledge-stick\/#breadcrumb","itemListElement":[{"@type":"ListItem","position":1,"name":"Home","item":"https:\/\/customhockeysticks.ca\/"},{"@type":"ListItem","position":2,"name":"Boutique","item":"https:\/\/customhockeysticks.ca\/shop\/"},{"@type":"ListItem","position":3,"name":"Custom Hockey Sledge Stick"}]},{"@type":"WebSite","@id":"https:\/\/customhockeysticks.ca\/#website","url":"https:\/\/customhockeysticks.ca\/","name":"Custom Hockey Sticks - CHS | Fully Customizable Pro Level Hockey Sticks","description":"Custom Hockey Sticks offers professional grade, fully customizable, carbon graphite hockey sticks without an expensive price tag.","potentialAction":[{"@type":"SearchAction","target":{"@type":"EntryPoint","urlTemplate":"https:\/\/customhockeysticks.ca\/?s={search_term_string}"},"query-input":{"@type":"PropertyValueSpecification","valueRequired":true,"valueName":"search_term_string"}}],"inLanguage":"fr-FR"}]}},"wcpa_form_fields":null,"_links":{"self":[{"href":"https:\/\/customhockeysticks.ca\/fr\/wp-json\/wp\/v2\/product\/10800","targetHints":{"allow":["GET"]}}],"collection":[{"href":"https:\/\/customhockeysticks.ca\/fr\/wp-json\/wp\/v2\/product"}],"about":[{"href":"https:\/\/customhockeysticks.ca\/fr\/wp-json\/wp\/v2\/types\/product"}],"version-history":[{"count":0,"href":"https:\/\/customhockeysticks.ca\/fr\/wp-json\/wp\/v2\/product\/10800\/revisions"}],"wp:featuredmedia":[{"embeddable":true,"href":"https:\/\/customhockeysticks.ca\/fr\/wp-json\/wp\/v2\/media\/10724"}],"wp:attachment":[{"href":"https:\/\/customhockeysticks.ca\/fr\/wp-json\/wp\/v2\/media?parent=10800"}],"wp:term":[{"taxonomy":"product_brand","embeddable":true,"href":"https:\/\/customhockeysticks.ca\/fr\/wp-json\/wp\/v2\/product_brand?post=10800"},{"taxonomy":"product_cat","embeddable":true,"href":"https:\/\/customhockeysticks.ca\/fr\/wp-json\/wp\/v2\/product_cat?post=10800"},{"taxonomy":"product_tag","embeddable":true,"href":"https:\/\/customhockeysticks.ca\/fr\/wp-json\/wp\/v2\/product_tag?post=10800"}],"curies":[{"name":"wp","href":"https:\/\/api.w.org\/{rel}","templated":true}]}}