{"id":25024,"date":"2023-06-13T15:22:59","date_gmt":"2023-06-13T19:22:59","guid":{"rendered":"https:\/\/customhockeysticks.ca\/product\/rocketgrips\/"},"modified":"2026-03-28T14:56:58","modified_gmt":"2026-03-28T18:56:58","slug":"rocketgrips","status":"publish","type":"product","link":"https:\/\/customhockeysticks.ca\/fr\/produit\/rocketgrips\/","title":{"rendered":"RocketGrips"},"content":{"rendered":"","protected":false},"excerpt":{"rendered":"<p>RocketGrip est une poign\u00e9e facilement applicable qui am\u00e9liore la fa\u00e7on dont vous manipulez votre b\u00e2ton de hockey personnalis\u00e9. Gagnez en contr\u00f4le et en agilit\u00e9 par rapport \u00e0 ruban traditionnelle. Les RocketGrips n&rsquo;utilisent pas de colle, donc fini les gants collants ! Disponible dans de nombreuses couleurs et mati\u00e8res. Achetez RocketGrips avec vos b\u00e2tons de hockey personnalis\u00e9s pour \u00e9conomiser sur les frais d&rsquo;exp\u00e9dition.<\/p>\n<p>Chaque paquet contient :<\/p>\n<p class=\"p1\"><strong>Chaque paquet contient :<\/strong><\/p>\n<ul>\n<li class=\"p1\">1 x RocketGrip<\/li>\n<li class=\"p1\">1 x ruban en caoutchouc<\/li>\n<li class=\"p1\">4 x Anneaux (dans le paquet SR\/Int)<\/li>\n<\/ul>\n","protected":false},"featured_media":24960,"template":"","meta":{"_acf_changed":false},"product_brand":[],"product_cat":[122,120],"product_tag":[],"class_list":{"0":"post-25024","1":"product","2":"type-product","3":"status-publish","4":"has-post-thumbnail","6":"product_cat-cart-fr","7":"product_cat-grips-fr","9":"first","10":"instock","11":"taxable","12":"shipping-taxable","13":"purchasable","14":"product-type-variable"},"acf":[],"yoast_head":"<!-- This site is optimized with the Yoast SEO plugin v27.3 - https:\/\/yoast.com\/product\/yoast-seo-wordpress\/ -->\n<title>RocketGrips - Custom Hockey Sticks - CHS | Fully Customizable Pro Level Hockey Sticks<\/title>\n<meta name=\"robots\" content=\"index, follow, max-snippet:-1, max-image-preview:large, max-video-preview:-1\" \/>\n<link rel=\"canonical\" href=\"https:\/\/customhockeysticks.ca\/fr\/produit\/rocketgrips\/\" \/>\n<meta property=\"og:locale\" content=\"fr_FR\" \/>\n<meta property=\"og:type\" content=\"article\" \/>\n<meta property=\"og:title\" content=\"RocketGrips - Custom Hockey Sticks - CHS | Fully Customizable Pro Level Hockey Sticks\" \/>\n<meta property=\"og:description\" content=\"RocketGrip est une poign\u00e9e facilement applicable qui am\u00e9liore la fa\u00e7on dont vous manipulez votre b\u00e2ton de hockey personnalis\u00e9. Gagnez en contr\u00f4le et en agilit\u00e9 par rapport \u00e0 ruban traditionnelle. Les RocketGrips n&#039;utilisent pas de colle, donc fini les gants collants ! Disponible dans de nombreuses couleurs et mati\u00e8res. Achetez RocketGrips avec vos b\u00e2tons de hockey personnalis\u00e9s pour \u00e9conomiser sur les frais d&#039;exp\u00e9dition.  Chaque paquet contient : Chaque paquet contient :    1 x RocketGrip  1 x ruban en caoutchouc  4 x Anneaux (dans le paquet SR\/Int)\" \/>\n<meta property=\"og:url\" content=\"https:\/\/customhockeysticks.ca\/fr\/produit\/rocketgrips\/\" \/>\n<meta property=\"og:site_name\" content=\"Custom Hockey Sticks - CHS | Fully Customizable Pro Level Hockey Sticks\" \/>\n<meta property=\"article:publisher\" content=\"https:\/\/www.facebook.com\/customhockeysticks\/\" \/>\n<meta property=\"article:modified_time\" content=\"2026-03-28T18:56:58+00:00\" \/>\n<meta property=\"og:image\" content=\"https:\/\/customhockeysticks.ca\/wp-content\/uploads\/2023\/06\/Rubber_BlackX.jpg\" \/>\n\t<meta property=\"og:image:width\" content=\"1985\" \/>\n\t<meta property=\"og:image:height\" content=\"1986\" \/>\n\t<meta property=\"og:image:type\" content=\"image\/jpeg\" \/>\n<meta name=\"twitter:card\" content=\"summary_large_image\" \/>\n<script type=\"application\/ld+json\" class=\"yoast-schema-graph\">{\"@context\":\"https:\\\/\\\/schema.org\",\"@graph\":[{\"@type\":\"WebPage\",\"@id\":\"https:\\\/\\\/customhockeysticks.ca\\\/fr\\\/produit\\\/rocketgrips\\\/\",\"url\":\"https:\\\/\\\/customhockeysticks.ca\\\/fr\\\/produit\\\/rocketgrips\\\/\",\"name\":\"RocketGrips - Custom Hockey Sticks - CHS | Fully Customizable Pro Level Hockey Sticks\",\"isPartOf\":{\"@id\":\"https:\\\/\\\/customhockeysticks.ca\\\/#website\"},\"primaryImageOfPage\":{\"@id\":\"https:\\\/\\\/customhockeysticks.ca\\\/fr\\\/produit\\\/rocketgrips\\\/#primaryimage\"},\"image\":{\"@id\":\"https:\\\/\\\/customhockeysticks.ca\\\/fr\\\/produit\\\/rocketgrips\\\/#primaryimage\"},\"thumbnailUrl\":\"https:\\\/\\\/customhockeysticks.ca\\\/wp-content\\\/uploads\\\/2023\\\/06\\\/Rubber_BlackX.jpg\",\"datePublished\":\"2023-06-13T19:22:59+00:00\",\"dateModified\":\"2026-03-28T18:56:58+00:00\",\"breadcrumb\":{\"@id\":\"https:\\\/\\\/customhockeysticks.ca\\\/fr\\\/produit\\\/rocketgrips\\\/#breadcrumb\"},\"inLanguage\":\"fr-FR\",\"potentialAction\":[{\"@type\":\"ReadAction\",\"target\":[\"https:\\\/\\\/customhockeysticks.ca\\\/fr\\\/produit\\\/rocketgrips\\\/\"]}]},{\"@type\":\"ImageObject\",\"inLanguage\":\"fr-FR\",\"@id\":\"https:\\\/\\\/customhockeysticks.ca\\\/fr\\\/produit\\\/rocketgrips\\\/#primaryimage\",\"url\":\"https:\\\/\\\/customhockeysticks.ca\\\/wp-content\\\/uploads\\\/2023\\\/06\\\/Rubber_BlackX.jpg\",\"contentUrl\":\"https:\\\/\\\/customhockeysticks.ca\\\/wp-content\\\/uploads\\\/2023\\\/06\\\/Rubber_BlackX.jpg\",\"width\":1985,\"height\":1986},{\"@type\":\"BreadcrumbList\",\"@id\":\"https:\\\/\\\/customhockeysticks.ca\\\/fr\\\/produit\\\/rocketgrips\\\/#breadcrumb\",\"itemListElement\":[{\"@type\":\"ListItem\",\"position\":1,\"name\":\"Home\",\"item\":\"https:\\\/\\\/customhockeysticks.ca\\\/\"},{\"@type\":\"ListItem\",\"position\":2,\"name\":\"Boutique\",\"item\":\"https:\\\/\\\/customhockeysticks.ca\\\/shop\\\/\"},{\"@type\":\"ListItem\",\"position\":3,\"name\":\"RocketGrips\"}]},{\"@type\":\"WebSite\",\"@id\":\"https:\\\/\\\/customhockeysticks.ca\\\/#website\",\"url\":\"https:\\\/\\\/customhockeysticks.ca\\\/\",\"name\":\"Custom Hockey Sticks - CHS | Fully Customizable Pro Level Hockey Sticks\",\"description\":\"Custom Hockey Sticks offers professional grade, fully customizable, carbon graphite hockey sticks without an expensive price tag.\",\"potentialAction\":[{\"@type\":\"SearchAction\",\"target\":{\"@type\":\"EntryPoint\",\"urlTemplate\":\"https:\\\/\\\/customhockeysticks.ca\\\/?s={search_term_string}\"},\"query-input\":{\"@type\":\"PropertyValueSpecification\",\"valueRequired\":true,\"valueName\":\"search_term_string\"}}],\"inLanguage\":\"fr-FR\"}]}<\/script>\n<!-- \/ Yoast SEO plugin. -->","yoast_head_json":{"title":"RocketGrips - Custom Hockey Sticks - CHS | Fully Customizable Pro Level Hockey Sticks","robots":{"index":"index","follow":"follow","max-snippet":"max-snippet:-1","max-image-preview":"max-image-preview:large","max-video-preview":"max-video-preview:-1"},"canonical":"https:\/\/customhockeysticks.ca\/fr\/produit\/rocketgrips\/","og_locale":"fr_FR","og_type":"article","og_title":"RocketGrips - Custom Hockey Sticks - CHS | Fully Customizable Pro Level Hockey Sticks","og_description":"RocketGrip est une poign\u00e9e facilement applicable qui am\u00e9liore la fa\u00e7on dont vous manipulez votre b\u00e2ton de hockey personnalis\u00e9. Gagnez en contr\u00f4le et en agilit\u00e9 par rapport \u00e0 ruban traditionnelle. Les RocketGrips n'utilisent pas de colle, donc fini les gants collants ! Disponible dans de nombreuses couleurs et mati\u00e8res. Achetez RocketGrips avec vos b\u00e2tons de hockey personnalis\u00e9s pour \u00e9conomiser sur les frais d'exp\u00e9dition.  Chaque paquet contient : Chaque paquet contient :    1 x RocketGrip  1 x ruban en caoutchouc  4 x Anneaux (dans le paquet SR\/Int)","og_url":"https:\/\/customhockeysticks.ca\/fr\/produit\/rocketgrips\/","og_site_name":"Custom Hockey Sticks - CHS | Fully Customizable Pro Level Hockey Sticks","article_publisher":"https:\/\/www.facebook.com\/customhockeysticks\/","article_modified_time":"2026-03-28T18:56:58+00:00","og_image":[{"width":1985,"height":1986,"url":"https:\/\/customhockeysticks.ca\/wp-content\/uploads\/2023\/06\/Rubber_BlackX.jpg","type":"image\/jpeg"}],"twitter_card":"summary_large_image","schema":{"@context":"https:\/\/schema.org","@graph":[{"@type":"WebPage","@id":"https:\/\/customhockeysticks.ca\/fr\/produit\/rocketgrips\/","url":"https:\/\/customhockeysticks.ca\/fr\/produit\/rocketgrips\/","name":"RocketGrips - Custom Hockey Sticks - CHS | Fully Customizable Pro Level Hockey Sticks","isPartOf":{"@id":"https:\/\/customhockeysticks.ca\/#website"},"primaryImageOfPage":{"@id":"https:\/\/customhockeysticks.ca\/fr\/produit\/rocketgrips\/#primaryimage"},"image":{"@id":"https:\/\/customhockeysticks.ca\/fr\/produit\/rocketgrips\/#primaryimage"},"thumbnailUrl":"https:\/\/customhockeysticks.ca\/wp-content\/uploads\/2023\/06\/Rubber_BlackX.jpg","datePublished":"2023-06-13T19:22:59+00:00","dateModified":"2026-03-28T18:56:58+00:00","breadcrumb":{"@id":"https:\/\/customhockeysticks.ca\/fr\/produit\/rocketgrips\/#breadcrumb"},"inLanguage":"fr-FR","potentialAction":[{"@type":"ReadAction","target":["https:\/\/customhockeysticks.ca\/fr\/produit\/rocketgrips\/"]}]},{"@type":"ImageObject","inLanguage":"fr-FR","@id":"https:\/\/customhockeysticks.ca\/fr\/produit\/rocketgrips\/#primaryimage","url":"https:\/\/customhockeysticks.ca\/wp-content\/uploads\/2023\/06\/Rubber_BlackX.jpg","contentUrl":"https:\/\/customhockeysticks.ca\/wp-content\/uploads\/2023\/06\/Rubber_BlackX.jpg","width":1985,"height":1986},{"@type":"BreadcrumbList","@id":"https:\/\/customhockeysticks.ca\/fr\/produit\/rocketgrips\/#breadcrumb","itemListElement":[{"@type":"ListItem","position":1,"name":"Home","item":"https:\/\/customhockeysticks.ca\/"},{"@type":"ListItem","position":2,"name":"Boutique","item":"https:\/\/customhockeysticks.ca\/shop\/"},{"@type":"ListItem","position":3,"name":"RocketGrips"}]},{"@type":"WebSite","@id":"https:\/\/customhockeysticks.ca\/#website","url":"https:\/\/customhockeysticks.ca\/","name":"Custom Hockey Sticks - CHS | Fully Customizable Pro Level Hockey Sticks","description":"Custom Hockey Sticks offers professional grade, fully customizable, carbon graphite hockey sticks without an expensive price tag.","potentialAction":[{"@type":"SearchAction","target":{"@type":"EntryPoint","urlTemplate":"https:\/\/customhockeysticks.ca\/?s={search_term_string}"},"query-input":{"@type":"PropertyValueSpecification","valueRequired":true,"valueName":"search_term_string"}}],"inLanguage":"fr-FR"}]}},"wcpa_form_fields":null,"_links":{"self":[{"href":"https:\/\/customhockeysticks.ca\/fr\/wp-json\/wp\/v2\/product\/25024","targetHints":{"allow":["GET"]}}],"collection":[{"href":"https:\/\/customhockeysticks.ca\/fr\/wp-json\/wp\/v2\/product"}],"about":[{"href":"https:\/\/customhockeysticks.ca\/fr\/wp-json\/wp\/v2\/types\/product"}],"version-history":[{"count":0,"href":"https:\/\/customhockeysticks.ca\/fr\/wp-json\/wp\/v2\/product\/25024\/revisions"}],"wp:featuredmedia":[{"embeddable":true,"href":"https:\/\/customhockeysticks.ca\/fr\/wp-json\/wp\/v2\/media\/24960"}],"wp:attachment":[{"href":"https:\/\/customhockeysticks.ca\/fr\/wp-json\/wp\/v2\/media?parent=25024"}],"wp:term":[{"taxonomy":"product_brand","embeddable":true,"href":"https:\/\/customhockeysticks.ca\/fr\/wp-json\/wp\/v2\/product_brand?post=25024"},{"taxonomy":"product_cat","embeddable":true,"href":"https:\/\/customhockeysticks.ca\/fr\/wp-json\/wp\/v2\/product_cat?post=25024"},{"taxonomy":"product_tag","embeddable":true,"href":"https:\/\/customhockeysticks.ca\/fr\/wp-json\/wp\/v2\/product_tag?post=25024"}],"curies":[{"name":"wp","href":"https:\/\/api.w.org\/{rel}","templated":true}]}}