{"id":31838,"date":"2024-04-20T22:01:50","date_gmt":"2024-04-21T02:01:50","guid":{"rendered":"https:\/\/customhockeysticks.ca\/product\/rezztek-blade-grips-senior-paquet-de-2\/"},"modified":"2025-12-13T10:57:35","modified_gmt":"2025-12-13T15:57:35","slug":"rezztek-blade-grips","status":"publish","type":"product","link":"https:\/\/customhockeysticks.ca\/fr\/produit\/rezztek-blade-grips\/","title":{"rendered":"Rezztek Blade Grips (Senior paquet de 2)"},"content":{"rendered":"","protected":false},"excerpt":{"rendered":"<p>Grip haute performance pour votre lame. L&#8217;emballage comprend du Rezztek\u00ae pour 2 b\u00e2tons senior. Recommand\u00e9 \u00e0 tous les joueurs de plus de 13 ans, utilisant un b\u00e2ton de hockey interm\u00e9diaire ou adulte.<\/p>\n<ul>\n<li>Quatre couches brevet\u00e9es, chacune sp\u00e9cialement con\u00e7ue pour des performances maximales.<\/li>\n<li>50 % plus l\u00e9ger qu&rsquo;un ruban adh\u00e9sif standard<\/li>\n<li>Augmente la vitesse et la pr\u00e9cision des tirs<\/li>\n<li>R\u00e9sistant \u00e0 l&rsquo;eau et d\u00e9perlant pour conserver vos performances tout au long du jeu.<\/li>\n<li>Dure 8 \u00e0 10 jeux par rapport \u00e0 la bande traditionnelle<\/li>\n<\/ul>\n","protected":false},"featured_media":31831,"template":"","meta":{"_acf_changed":false},"product_brand":[],"product_cat":[122,166],"product_tag":[],"class_list":{"0":"post-31838","1":"product","2":"type-product","3":"status-publish","4":"has-post-thumbnail","6":"product_cat-cart-fr","7":"product_cat-rezztek-fr","9":"first","10":"instock","11":"taxable","12":"shipping-taxable","13":"purchasable","14":"product-type-variable"},"acf":[],"yoast_head":"<!-- This site is optimized with the Yoast SEO plugin v27.3 - https:\/\/yoast.com\/product\/yoast-seo-wordpress\/ -->\n<title>Rezztek Blade Grips (Senior 2 Pack) | CHS Custom Hockey Sticks<\/title>\n<meta name=\"description\" content=\"Poign\u00e9es Rezztek haute performance pour vos b\u00e2tons de hockey personnalis\u00e9s interm\u00e9diaires ou seniors.\" \/>\n<meta name=\"robots\" content=\"noindex, follow\" \/>\n<meta property=\"og:locale\" content=\"fr_FR\" \/>\n<meta property=\"og:type\" content=\"article\" \/>\n<meta property=\"og:title\" content=\"Rezztek Blade Grips (Senior 2 Pack) | CHS Custom Hockey Sticks\" \/>\n<meta property=\"og:description\" content=\"Poign\u00e9es Rezztek haute performance pour vos b\u00e2tons de hockey personnalis\u00e9s interm\u00e9diaires ou seniors.\" \/>\n<meta property=\"og:url\" content=\"https:\/\/customhockeysticks.ca\/fr\/produit\/rezztek-blade-grips\/\" \/>\n<meta property=\"og:site_name\" content=\"Custom Hockey Sticks - CHS | Fully Customizable Pro Level Hockey Sticks\" \/>\n<meta property=\"article:publisher\" content=\"https:\/\/www.facebook.com\/customhockeysticks\/\" \/>\n<meta property=\"article:modified_time\" content=\"2025-12-13T15:57:35+00:00\" \/>\n<meta property=\"og:image\" content=\"https:\/\/customhockeysticks.ca\/wp-content\/uploads\/2024\/04\/Rezztek-Custom-Hockey-Sticks-2-1.jpg\" \/>\n\t<meta property=\"og:image:width\" content=\"875\" \/>\n\t<meta property=\"og:image:height\" content=\"875\" \/>\n\t<meta property=\"og:image:type\" content=\"image\/jpeg\" \/>\n<meta name=\"twitter:card\" content=\"summary_large_image\" \/>\n<meta name=\"twitter:label1\" content=\"Dur\u00e9e de lecture estim\u00e9e\" \/>\n\t<meta name=\"twitter:data1\" content=\"1 minute\" \/>\n<script type=\"application\/ld+json\" class=\"yoast-schema-graph\">{\"@context\":\"https:\\\/\\\/schema.org\",\"@graph\":[{\"@type\":\"WebPage\",\"@id\":\"https:\\\/\\\/customhockeysticks.ca\\\/fr\\\/produit\\\/rezztek-blade-grips\\\/\",\"url\":\"https:\\\/\\\/customhockeysticks.ca\\\/fr\\\/produit\\\/rezztek-blade-grips\\\/\",\"name\":\"Rezztek Blade Grips (Senior 2 Pack) | CHS Custom Hockey Sticks\",\"isPartOf\":{\"@id\":\"https:\\\/\\\/customhockeysticks.ca\\\/#website\"},\"primaryImageOfPage\":{\"@id\":\"https:\\\/\\\/customhockeysticks.ca\\\/fr\\\/produit\\\/rezztek-blade-grips\\\/#primaryimage\"},\"image\":{\"@id\":\"https:\\\/\\\/customhockeysticks.ca\\\/fr\\\/produit\\\/rezztek-blade-grips\\\/#primaryimage\"},\"thumbnailUrl\":\"https:\\\/\\\/customhockeysticks.ca\\\/wp-content\\\/uploads\\\/2024\\\/04\\\/Rezztek-Custom-Hockey-Sticks-2-1.jpg\",\"datePublished\":\"2024-04-21T02:01:50+00:00\",\"dateModified\":\"2025-12-13T15:57:35+00:00\",\"description\":\"Poign\u00e9es Rezztek haute performance pour vos b\u00e2tons de hockey personnalis\u00e9s interm\u00e9diaires ou seniors.\",\"breadcrumb\":{\"@id\":\"https:\\\/\\\/customhockeysticks.ca\\\/fr\\\/produit\\\/rezztek-blade-grips\\\/#breadcrumb\"},\"inLanguage\":\"fr-FR\",\"potentialAction\":[{\"@type\":\"ReadAction\",\"target\":[\"https:\\\/\\\/customhockeysticks.ca\\\/fr\\\/produit\\\/rezztek-blade-grips\\\/\"]}]},{\"@type\":\"ImageObject\",\"inLanguage\":\"fr-FR\",\"@id\":\"https:\\\/\\\/customhockeysticks.ca\\\/fr\\\/produit\\\/rezztek-blade-grips\\\/#primaryimage\",\"url\":\"https:\\\/\\\/customhockeysticks.ca\\\/wp-content\\\/uploads\\\/2024\\\/04\\\/Rezztek-Custom-Hockey-Sticks-2-1.jpg\",\"contentUrl\":\"https:\\\/\\\/customhockeysticks.ca\\\/wp-content\\\/uploads\\\/2024\\\/04\\\/Rezztek-Custom-Hockey-Sticks-2-1.jpg\",\"width\":875,\"height\":875},{\"@type\":\"BreadcrumbList\",\"@id\":\"https:\\\/\\\/customhockeysticks.ca\\\/fr\\\/produit\\\/rezztek-blade-grips\\\/#breadcrumb\",\"itemListElement\":[{\"@type\":\"ListItem\",\"position\":1,\"name\":\"Home\",\"item\":\"https:\\\/\\\/customhockeysticks.ca\\\/\"},{\"@type\":\"ListItem\",\"position\":2,\"name\":\"Boutique\",\"item\":\"https:\\\/\\\/customhockeysticks.ca\\\/shop\\\/\"},{\"@type\":\"ListItem\",\"position\":3,\"name\":\"Rezztek Blade Grips (Senior paquet de 2)\"}]},{\"@type\":\"WebSite\",\"@id\":\"https:\\\/\\\/customhockeysticks.ca\\\/#website\",\"url\":\"https:\\\/\\\/customhockeysticks.ca\\\/\",\"name\":\"Custom Hockey Sticks - CHS | Fully Customizable Pro Level Hockey Sticks\",\"description\":\"Custom Hockey Sticks offers professional grade, fully customizable, carbon graphite hockey sticks without an expensive price tag.\",\"potentialAction\":[{\"@type\":\"SearchAction\",\"target\":{\"@type\":\"EntryPoint\",\"urlTemplate\":\"https:\\\/\\\/customhockeysticks.ca\\\/?s={search_term_string}\"},\"query-input\":{\"@type\":\"PropertyValueSpecification\",\"valueRequired\":true,\"valueName\":\"search_term_string\"}}],\"inLanguage\":\"fr-FR\"}]}<\/script>\n<!-- \/ Yoast SEO plugin. -->","yoast_head_json":{"title":"Rezztek Blade Grips (Senior 2 Pack) | CHS Custom Hockey Sticks","description":"Poign\u00e9es Rezztek haute performance pour vos b\u00e2tons de hockey personnalis\u00e9s interm\u00e9diaires ou seniors.","robots":{"index":"noindex","follow":"follow"},"og_locale":"fr_FR","og_type":"article","og_title":"Rezztek Blade Grips (Senior 2 Pack) | CHS Custom Hockey Sticks","og_description":"Poign\u00e9es Rezztek haute performance pour vos b\u00e2tons de hockey personnalis\u00e9s interm\u00e9diaires ou seniors.","og_url":"https:\/\/customhockeysticks.ca\/fr\/produit\/rezztek-blade-grips\/","og_site_name":"Custom Hockey Sticks - CHS | Fully Customizable Pro Level Hockey Sticks","article_publisher":"https:\/\/www.facebook.com\/customhockeysticks\/","article_modified_time":"2025-12-13T15:57:35+00:00","og_image":[{"width":875,"height":875,"url":"https:\/\/customhockeysticks.ca\/wp-content\/uploads\/2024\/04\/Rezztek-Custom-Hockey-Sticks-2-1.jpg","type":"image\/jpeg"}],"twitter_card":"summary_large_image","twitter_misc":{"Dur\u00e9e de lecture estim\u00e9e":"1 minute"},"schema":{"@context":"https:\/\/schema.org","@graph":[{"@type":"WebPage","@id":"https:\/\/customhockeysticks.ca\/fr\/produit\/rezztek-blade-grips\/","url":"https:\/\/customhockeysticks.ca\/fr\/produit\/rezztek-blade-grips\/","name":"Rezztek Blade Grips (Senior 2 Pack) | CHS Custom Hockey Sticks","isPartOf":{"@id":"https:\/\/customhockeysticks.ca\/#website"},"primaryImageOfPage":{"@id":"https:\/\/customhockeysticks.ca\/fr\/produit\/rezztek-blade-grips\/#primaryimage"},"image":{"@id":"https:\/\/customhockeysticks.ca\/fr\/produit\/rezztek-blade-grips\/#primaryimage"},"thumbnailUrl":"https:\/\/customhockeysticks.ca\/wp-content\/uploads\/2024\/04\/Rezztek-Custom-Hockey-Sticks-2-1.jpg","datePublished":"2024-04-21T02:01:50+00:00","dateModified":"2025-12-13T15:57:35+00:00","description":"Poign\u00e9es Rezztek haute performance pour vos b\u00e2tons de hockey personnalis\u00e9s interm\u00e9diaires ou seniors.","breadcrumb":{"@id":"https:\/\/customhockeysticks.ca\/fr\/produit\/rezztek-blade-grips\/#breadcrumb"},"inLanguage":"fr-FR","potentialAction":[{"@type":"ReadAction","target":["https:\/\/customhockeysticks.ca\/fr\/produit\/rezztek-blade-grips\/"]}]},{"@type":"ImageObject","inLanguage":"fr-FR","@id":"https:\/\/customhockeysticks.ca\/fr\/produit\/rezztek-blade-grips\/#primaryimage","url":"https:\/\/customhockeysticks.ca\/wp-content\/uploads\/2024\/04\/Rezztek-Custom-Hockey-Sticks-2-1.jpg","contentUrl":"https:\/\/customhockeysticks.ca\/wp-content\/uploads\/2024\/04\/Rezztek-Custom-Hockey-Sticks-2-1.jpg","width":875,"height":875},{"@type":"BreadcrumbList","@id":"https:\/\/customhockeysticks.ca\/fr\/produit\/rezztek-blade-grips\/#breadcrumb","itemListElement":[{"@type":"ListItem","position":1,"name":"Home","item":"https:\/\/customhockeysticks.ca\/"},{"@type":"ListItem","position":2,"name":"Boutique","item":"https:\/\/customhockeysticks.ca\/shop\/"},{"@type":"ListItem","position":3,"name":"Rezztek Blade Grips (Senior paquet de 2)"}]},{"@type":"WebSite","@id":"https:\/\/customhockeysticks.ca\/#website","url":"https:\/\/customhockeysticks.ca\/","name":"Custom Hockey Sticks - CHS | Fully Customizable Pro Level Hockey Sticks","description":"Custom Hockey Sticks offers professional grade, fully customizable, carbon graphite hockey sticks without an expensive price tag.","potentialAction":[{"@type":"SearchAction","target":{"@type":"EntryPoint","urlTemplate":"https:\/\/customhockeysticks.ca\/?s={search_term_string}"},"query-input":{"@type":"PropertyValueSpecification","valueRequired":true,"valueName":"search_term_string"}}],"inLanguage":"fr-FR"}]}},"wcpa_form_fields":null,"_links":{"self":[{"href":"https:\/\/customhockeysticks.ca\/fr\/wp-json\/wp\/v2\/product\/31838","targetHints":{"allow":["GET"]}}],"collection":[{"href":"https:\/\/customhockeysticks.ca\/fr\/wp-json\/wp\/v2\/product"}],"about":[{"href":"https:\/\/customhockeysticks.ca\/fr\/wp-json\/wp\/v2\/types\/product"}],"version-history":[{"count":1,"href":"https:\/\/customhockeysticks.ca\/fr\/wp-json\/wp\/v2\/product\/31838\/revisions"}],"predecessor-version":[{"id":31839,"href":"https:\/\/customhockeysticks.ca\/fr\/wp-json\/wp\/v2\/product\/31838\/revisions\/31839"}],"wp:featuredmedia":[{"embeddable":true,"href":"https:\/\/customhockeysticks.ca\/fr\/wp-json\/wp\/v2\/media\/31831"}],"wp:attachment":[{"href":"https:\/\/customhockeysticks.ca\/fr\/wp-json\/wp\/v2\/media?parent=31838"}],"wp:term":[{"taxonomy":"product_brand","embeddable":true,"href":"https:\/\/customhockeysticks.ca\/fr\/wp-json\/wp\/v2\/product_brand?post=31838"},{"taxonomy":"product_cat","embeddable":true,"href":"https:\/\/customhockeysticks.ca\/fr\/wp-json\/wp\/v2\/product_cat?post=31838"},{"taxonomy":"product_tag","embeddable":true,"href":"https:\/\/customhockeysticks.ca\/fr\/wp-json\/wp\/v2\/product_tag?post=31838"}],"curies":[{"name":"wp","href":"https:\/\/api.w.org\/{rel}","templated":true}]}}