{"id":35142,"date":"2024-09-11T11:29:41","date_gmt":"2024-09-11T15:29:41","guid":{"rendered":"https:\/\/customhockeysticks.ca\/?post_type=product&#038;p=35142"},"modified":"2025-12-05T19:32:51","modified_gmt":"2025-12-06T00:32:51","slug":"batons-de-hockey-en-liquidation","status":"publish","type":"product","link":"https:\/\/customhockeysticks.ca\/fr\/produit\/batons-de-hockey-en-liquidation\/","title":{"rendered":"B\u00e2tons de hockey en liquidation"},"content":{"rendered":"","protected":false},"excerpt":{"rendered":"<p><strong>Vous souhaitez \u00e9conomiser gros sur votre prochaine commande ? Choisissez parmi nos b\u00e2tons de hockey personnalis\u00e9s en liquidation disponibles qui sont exp\u00e9di\u00e9s imm\u00e9diatement.<\/strong><\/p>\n","protected":false},"featured_media":8350,"template":"","meta":{"_acf_changed":false},"product_brand":[],"product_cat":[215],"product_tag":[300],"class_list":{"0":"post-35142","1":"product","2":"type-product","3":"status-publish","4":"has-post-thumbnail","6":"product_cat-batons-de-hockey","7":"product_tag-liquidation-fr","9":"first","10":"instock","11":"sale","12":"taxable","13":"shipping-taxable","14":"purchasable","15":"product-type-variable"},"acf":[],"yoast_head":"<!-- This site is optimized with the Yoast SEO plugin v27.3 - https:\/\/yoast.com\/product\/yoast-seo-wordpress\/ -->\n<title>B\u00e2tons de hockey en liquidation - Custom Hockey Sticks - CHS | Fully Customizable Pro Level Hockey Sticks<\/title>\n<meta name=\"robots\" content=\"index, follow, max-snippet:-1, max-image-preview:large, max-video-preview:-1\" \/>\n<link rel=\"canonical\" href=\"https:\/\/customhockeysticks.ca\/fr\/produit\/batons-de-hockey-en-liquidation\/\" \/>\n<meta property=\"og:locale\" content=\"fr_FR\" \/>\n<meta property=\"og:type\" content=\"article\" \/>\n<meta property=\"og:title\" content=\"B\u00e2tons de hockey en liquidation - Custom Hockey Sticks - CHS | Fully Customizable Pro Level Hockey Sticks\" \/>\n<meta property=\"og:description\" content=\"Vous souhaitez \u00e9conomiser gros sur votre prochaine commande ? Choisissez parmi nos b\u00e2tons de hockey personnalis\u00e9s en liquidation disponibles qui sont exp\u00e9di\u00e9s imm\u00e9diatement.\" \/>\n<meta property=\"og:url\" content=\"https:\/\/customhockeysticks.ca\/fr\/produit\/batons-de-hockey-en-liquidation\/\" \/>\n<meta property=\"og:site_name\" content=\"Custom Hockey Sticks - CHS | Fully Customizable Pro Level Hockey Sticks\" \/>\n<meta property=\"article:publisher\" content=\"https:\/\/www.facebook.com\/customhockeysticks\/\" \/>\n<meta property=\"article:modified_time\" content=\"2025-12-06T00:32:51+00:00\" \/>\n<meta property=\"og:image\" content=\"https:\/\/customhockeysticks.ca\/wp-content\/uploads\/2020\/12\/Custom-Hockey-Stick-InStock-18K.jpg\" \/>\n\t<meta property=\"og:image:width\" content=\"1535\" \/>\n\t<meta property=\"og:image:height\" content=\"2023\" \/>\n\t<meta property=\"og:image:type\" content=\"image\/jpeg\" \/>\n<meta name=\"twitter:card\" content=\"summary_large_image\" \/>\n<meta name=\"twitter:label1\" content=\"Dur\u00e9e de lecture estim\u00e9e\" \/>\n\t<meta name=\"twitter:data1\" content=\"1 minute\" \/>\n<script type=\"application\/ld+json\" class=\"yoast-schema-graph\">{\"@context\":\"https:\\\/\\\/schema.org\",\"@graph\":[{\"@type\":\"WebPage\",\"@id\":\"https:\\\/\\\/customhockeysticks.ca\\\/fr\\\/produit\\\/batons-de-hockey-en-liquidation\\\/\",\"url\":\"https:\\\/\\\/customhockeysticks.ca\\\/fr\\\/produit\\\/batons-de-hockey-en-liquidation\\\/\",\"name\":\"B\u00e2tons de hockey en liquidation - Custom Hockey Sticks - CHS | Fully Customizable Pro Level Hockey Sticks\",\"isPartOf\":{\"@id\":\"https:\\\/\\\/customhockeysticks.ca\\\/#website\"},\"primaryImageOfPage\":{\"@id\":\"https:\\\/\\\/customhockeysticks.ca\\\/fr\\\/produit\\\/batons-de-hockey-en-liquidation\\\/#primaryimage\"},\"image\":{\"@id\":\"https:\\\/\\\/customhockeysticks.ca\\\/fr\\\/produit\\\/batons-de-hockey-en-liquidation\\\/#primaryimage\"},\"thumbnailUrl\":\"https:\\\/\\\/customhockeysticks.ca\\\/wp-content\\\/uploads\\\/2020\\\/12\\\/Custom-Hockey-Stick-InStock-18K.jpg\",\"datePublished\":\"2024-09-11T15:29:41+00:00\",\"dateModified\":\"2025-12-06T00:32:51+00:00\",\"breadcrumb\":{\"@id\":\"https:\\\/\\\/customhockeysticks.ca\\\/fr\\\/produit\\\/batons-de-hockey-en-liquidation\\\/#breadcrumb\"},\"inLanguage\":\"fr-FR\",\"potentialAction\":[{\"@type\":\"ReadAction\",\"target\":[\"https:\\\/\\\/customhockeysticks.ca\\\/fr\\\/produit\\\/batons-de-hockey-en-liquidation\\\/\"]}]},{\"@type\":\"ImageObject\",\"inLanguage\":\"fr-FR\",\"@id\":\"https:\\\/\\\/customhockeysticks.ca\\\/fr\\\/produit\\\/batons-de-hockey-en-liquidation\\\/#primaryimage\",\"url\":\"https:\\\/\\\/customhockeysticks.ca\\\/wp-content\\\/uploads\\\/2020\\\/12\\\/Custom-Hockey-Stick-InStock-18K.jpg\",\"contentUrl\":\"https:\\\/\\\/customhockeysticks.ca\\\/wp-content\\\/uploads\\\/2020\\\/12\\\/Custom-Hockey-Stick-InStock-18K.jpg\",\"width\":1535,\"height\":2023},{\"@type\":\"BreadcrumbList\",\"@id\":\"https:\\\/\\\/customhockeysticks.ca\\\/fr\\\/produit\\\/batons-de-hockey-en-liquidation\\\/#breadcrumb\",\"itemListElement\":[{\"@type\":\"ListItem\",\"position\":1,\"name\":\"Home\",\"item\":\"https:\\\/\\\/customhockeysticks.ca\\\/\"},{\"@type\":\"ListItem\",\"position\":2,\"name\":\"Boutique\",\"item\":\"https:\\\/\\\/customhockeysticks.ca\\\/shop\\\/\"},{\"@type\":\"ListItem\",\"position\":3,\"name\":\"B\u00e2tons de hockey en liquidation\"}]},{\"@type\":\"WebSite\",\"@id\":\"https:\\\/\\\/customhockeysticks.ca\\\/#website\",\"url\":\"https:\\\/\\\/customhockeysticks.ca\\\/\",\"name\":\"Custom Hockey Sticks - CHS | Fully Customizable Pro Level Hockey Sticks\",\"description\":\"Custom Hockey Sticks offers professional grade, fully customizable, carbon graphite hockey sticks without an expensive price tag.\",\"potentialAction\":[{\"@type\":\"SearchAction\",\"target\":{\"@type\":\"EntryPoint\",\"urlTemplate\":\"https:\\\/\\\/customhockeysticks.ca\\\/?s={search_term_string}\"},\"query-input\":{\"@type\":\"PropertyValueSpecification\",\"valueRequired\":true,\"valueName\":\"search_term_string\"}}],\"inLanguage\":\"fr-FR\"}]}<\/script>\n<!-- \/ Yoast SEO plugin. -->","yoast_head_json":{"title":"B\u00e2tons de hockey en liquidation - Custom Hockey Sticks - CHS | Fully Customizable Pro Level Hockey Sticks","robots":{"index":"index","follow":"follow","max-snippet":"max-snippet:-1","max-image-preview":"max-image-preview:large","max-video-preview":"max-video-preview:-1"},"canonical":"https:\/\/customhockeysticks.ca\/fr\/produit\/batons-de-hockey-en-liquidation\/","og_locale":"fr_FR","og_type":"article","og_title":"B\u00e2tons de hockey en liquidation - Custom Hockey Sticks - CHS | Fully Customizable Pro Level Hockey Sticks","og_description":"Vous souhaitez \u00e9conomiser gros sur votre prochaine commande ? Choisissez parmi nos b\u00e2tons de hockey personnalis\u00e9s en liquidation disponibles qui sont exp\u00e9di\u00e9s imm\u00e9diatement.","og_url":"https:\/\/customhockeysticks.ca\/fr\/produit\/batons-de-hockey-en-liquidation\/","og_site_name":"Custom Hockey Sticks - CHS | Fully Customizable Pro Level Hockey Sticks","article_publisher":"https:\/\/www.facebook.com\/customhockeysticks\/","article_modified_time":"2025-12-06T00:32:51+00:00","og_image":[{"width":1535,"height":2023,"url":"https:\/\/customhockeysticks.ca\/wp-content\/uploads\/2020\/12\/Custom-Hockey-Stick-InStock-18K.jpg","type":"image\/jpeg"}],"twitter_card":"summary_large_image","twitter_misc":{"Dur\u00e9e de lecture estim\u00e9e":"1 minute"},"schema":{"@context":"https:\/\/schema.org","@graph":[{"@type":"WebPage","@id":"https:\/\/customhockeysticks.ca\/fr\/produit\/batons-de-hockey-en-liquidation\/","url":"https:\/\/customhockeysticks.ca\/fr\/produit\/batons-de-hockey-en-liquidation\/","name":"B\u00e2tons de hockey en liquidation - Custom Hockey Sticks - CHS | Fully Customizable Pro Level Hockey Sticks","isPartOf":{"@id":"https:\/\/customhockeysticks.ca\/#website"},"primaryImageOfPage":{"@id":"https:\/\/customhockeysticks.ca\/fr\/produit\/batons-de-hockey-en-liquidation\/#primaryimage"},"image":{"@id":"https:\/\/customhockeysticks.ca\/fr\/produit\/batons-de-hockey-en-liquidation\/#primaryimage"},"thumbnailUrl":"https:\/\/customhockeysticks.ca\/wp-content\/uploads\/2020\/12\/Custom-Hockey-Stick-InStock-18K.jpg","datePublished":"2024-09-11T15:29:41+00:00","dateModified":"2025-12-06T00:32:51+00:00","breadcrumb":{"@id":"https:\/\/customhockeysticks.ca\/fr\/produit\/batons-de-hockey-en-liquidation\/#breadcrumb"},"inLanguage":"fr-FR","potentialAction":[{"@type":"ReadAction","target":["https:\/\/customhockeysticks.ca\/fr\/produit\/batons-de-hockey-en-liquidation\/"]}]},{"@type":"ImageObject","inLanguage":"fr-FR","@id":"https:\/\/customhockeysticks.ca\/fr\/produit\/batons-de-hockey-en-liquidation\/#primaryimage","url":"https:\/\/customhockeysticks.ca\/wp-content\/uploads\/2020\/12\/Custom-Hockey-Stick-InStock-18K.jpg","contentUrl":"https:\/\/customhockeysticks.ca\/wp-content\/uploads\/2020\/12\/Custom-Hockey-Stick-InStock-18K.jpg","width":1535,"height":2023},{"@type":"BreadcrumbList","@id":"https:\/\/customhockeysticks.ca\/fr\/produit\/batons-de-hockey-en-liquidation\/#breadcrumb","itemListElement":[{"@type":"ListItem","position":1,"name":"Home","item":"https:\/\/customhockeysticks.ca\/"},{"@type":"ListItem","position":2,"name":"Boutique","item":"https:\/\/customhockeysticks.ca\/shop\/"},{"@type":"ListItem","position":3,"name":"B\u00e2tons de hockey en liquidation"}]},{"@type":"WebSite","@id":"https:\/\/customhockeysticks.ca\/#website","url":"https:\/\/customhockeysticks.ca\/","name":"Custom Hockey Sticks - CHS | Fully Customizable Pro Level Hockey Sticks","description":"Custom Hockey Sticks offers professional grade, fully customizable, carbon graphite hockey sticks without an expensive price tag.","potentialAction":[{"@type":"SearchAction","target":{"@type":"EntryPoint","urlTemplate":"https:\/\/customhockeysticks.ca\/?s={search_term_string}"},"query-input":{"@type":"PropertyValueSpecification","valueRequired":true,"valueName":"search_term_string"}}],"inLanguage":"fr-FR"}]}},"wcpa_form_fields":null,"_links":{"self":[{"href":"https:\/\/customhockeysticks.ca\/fr\/wp-json\/wp\/v2\/product\/35142","targetHints":{"allow":["GET"]}}],"collection":[{"href":"https:\/\/customhockeysticks.ca\/fr\/wp-json\/wp\/v2\/product"}],"about":[{"href":"https:\/\/customhockeysticks.ca\/fr\/wp-json\/wp\/v2\/types\/product"}],"version-history":[{"count":2,"href":"https:\/\/customhockeysticks.ca\/fr\/wp-json\/wp\/v2\/product\/35142\/revisions"}],"predecessor-version":[{"id":35203,"href":"https:\/\/customhockeysticks.ca\/fr\/wp-json\/wp\/v2\/product\/35142\/revisions\/35203"}],"wp:featuredmedia":[{"embeddable":true,"href":"https:\/\/customhockeysticks.ca\/fr\/wp-json\/wp\/v2\/media\/8350"}],"wp:attachment":[{"href":"https:\/\/customhockeysticks.ca\/fr\/wp-json\/wp\/v2\/media?parent=35142"}],"wp:term":[{"taxonomy":"product_brand","embeddable":true,"href":"https:\/\/customhockeysticks.ca\/fr\/wp-json\/wp\/v2\/product_brand?post=35142"},{"taxonomy":"product_cat","embeddable":true,"href":"https:\/\/customhockeysticks.ca\/fr\/wp-json\/wp\/v2\/product_cat?post=35142"},{"taxonomy":"product_tag","embeddable":true,"href":"https:\/\/customhockeysticks.ca\/fr\/wp-json\/wp\/v2\/product_tag?post=35142"}],"curies":[{"name":"wp","href":"https:\/\/api.w.org\/{rel}","templated":true}]}}