{"id":38359,"date":"2022-01-16T20:00:25","date_gmt":"2022-01-17T01:00:25","guid":{"rendered":"https:\/\/customhockeysticks.ca\/?post_type=product&#038;p=38359"},"modified":"2026-03-24T21:39:19","modified_gmt":"2026-03-25T01:39:19","slug":"baton-de-hockey-hyperion","status":"publish","type":"product","link":"https:\/\/customhockeysticks.ca\/fr\/produit\/baton-de-hockey-hyperion\/","title":{"rendered":"B\u00e2ton de hockey Hyperion"},"content":{"rendered":"<p><br data-mce-bogus=\"1\"><\/p>\n","protected":false},"excerpt":{"rendered":"<p>L\u2019Hyperion est le b\u00e2ton de hockey ultime, dot\u00e9 de la derni\u00e8re technologie pour une flexibilit\u00e9 et un retour d&rsquo;\u00e9nergie incroyables, permettant des d\u00e9clenchements ultra-rapides. Il allie la r\u00e9sistance du carbone Saphir et la durabilit\u00e9 de la technologie au bore pour cr\u00e9er le b\u00e2ton le plus l\u00e9ger et le plus performant du march\u00e9.<\/p>\n","protected":false},"featured_media":42053,"template":"","meta":{"_acf_changed":false},"product_brand":[],"product_cat":[215],"product_tag":[214],"class_list":{"0":"post-38359","1":"product","2":"type-product","3":"status-publish","4":"has-post-thumbnail","6":"product_cat-batons-de-hockey","7":"product_tag-hyperion-fr","9":"first","10":"instock","11":"taxable","12":"shipping-taxable","13":"purchasable","14":"product-type-variable"},"acf":[],"yoast_head":"<!-- This site is optimized with the Yoast SEO plugin v27.3 - https:\/\/yoast.com\/product\/yoast-seo-wordpress\/ -->\n<title>B\u00e2ton de hockey Hyperion - Custom Hockey Sticks - CHS | Fully Customizable Pro Level Hockey Sticks<\/title>\n<meta name=\"robots\" content=\"index, follow, max-snippet:-1, max-image-preview:large, max-video-preview:-1\" \/>\n<link rel=\"canonical\" href=\"https:\/\/customhockeysticks.ca\/fr\/produit\/baton-de-hockey-hyperion\/\" \/>\n<meta property=\"og:locale\" content=\"fr_FR\" \/>\n<meta property=\"og:type\" content=\"article\" \/>\n<meta property=\"og:title\" content=\"B\u00e2ton de hockey Hyperion - Custom Hockey Sticks - CHS | Fully Customizable Pro Level Hockey Sticks\" \/>\n<meta property=\"og:description\" content=\"L\u2019Hyperion est le b\u00e2ton de hockey ultime, dot\u00e9 de la derni\u00e8re technologie pour une flexibilit\u00e9 et un retour d&#039;\u00e9nergie incroyables, permettant des d\u00e9clenchements ultra-rapides. Il allie la r\u00e9sistance du carbone Saphir et la durabilit\u00e9 de la technologie au bore pour cr\u00e9er le b\u00e2ton le plus l\u00e9ger et le plus performant du march\u00e9.\" \/>\n<meta property=\"og:url\" content=\"https:\/\/customhockeysticks.ca\/fr\/produit\/baton-de-hockey-hyperion\/\" \/>\n<meta property=\"og:site_name\" content=\"Custom Hockey Sticks - CHS | Fully Customizable Pro Level Hockey Sticks\" \/>\n<meta property=\"article:publisher\" content=\"https:\/\/www.facebook.com\/customhockeysticks\/\" \/>\n<meta property=\"article:modified_time\" content=\"2026-03-25T01:39:19+00:00\" \/>\n<meta property=\"og:image\" content=\"https:\/\/customhockeysticks.ca\/wp-content\/uploads\/2025\/01\/Hyperion-Hockey-Stick-2-1-1.jpg\" \/>\n\t<meta property=\"og:image:width\" content=\"1200\" \/>\n\t<meta property=\"og:image:height\" content=\"1200\" \/>\n\t<meta property=\"og:image:type\" content=\"image\/jpeg\" \/>\n<meta name=\"twitter:card\" content=\"summary_large_image\" \/>\n<meta name=\"twitter:label1\" content=\"Dur\u00e9e de lecture estim\u00e9e\" \/>\n\t<meta name=\"twitter:data1\" content=\"1 minute\" \/>\n<script type=\"application\/ld+json\" class=\"yoast-schema-graph\">{\"@context\":\"https:\\\/\\\/schema.org\",\"@graph\":[{\"@type\":\"WebPage\",\"@id\":\"https:\\\/\\\/customhockeysticks.ca\\\/fr\\\/produit\\\/baton-de-hockey-hyperion\\\/\",\"url\":\"https:\\\/\\\/customhockeysticks.ca\\\/fr\\\/produit\\\/baton-de-hockey-hyperion\\\/\",\"name\":\"B\u00e2ton de hockey Hyperion - Custom Hockey Sticks - CHS | Fully Customizable Pro Level Hockey Sticks\",\"isPartOf\":{\"@id\":\"https:\\\/\\\/customhockeysticks.ca\\\/#website\"},\"primaryImageOfPage\":{\"@id\":\"https:\\\/\\\/customhockeysticks.ca\\\/fr\\\/produit\\\/baton-de-hockey-hyperion\\\/#primaryimage\"},\"image\":{\"@id\":\"https:\\\/\\\/customhockeysticks.ca\\\/fr\\\/produit\\\/baton-de-hockey-hyperion\\\/#primaryimage\"},\"thumbnailUrl\":\"https:\\\/\\\/customhockeysticks.ca\\\/wp-content\\\/uploads\\\/2025\\\/01\\\/Hyperion-Hockey-Stick-2-1-1.jpg\",\"datePublished\":\"2022-01-17T01:00:25+00:00\",\"dateModified\":\"2026-03-25T01:39:19+00:00\",\"breadcrumb\":{\"@id\":\"https:\\\/\\\/customhockeysticks.ca\\\/fr\\\/produit\\\/baton-de-hockey-hyperion\\\/#breadcrumb\"},\"inLanguage\":\"fr-FR\",\"potentialAction\":[{\"@type\":\"ReadAction\",\"target\":[\"https:\\\/\\\/customhockeysticks.ca\\\/fr\\\/produit\\\/baton-de-hockey-hyperion\\\/\"]}]},{\"@type\":\"ImageObject\",\"inLanguage\":\"fr-FR\",\"@id\":\"https:\\\/\\\/customhockeysticks.ca\\\/fr\\\/produit\\\/baton-de-hockey-hyperion\\\/#primaryimage\",\"url\":\"https:\\\/\\\/customhockeysticks.ca\\\/wp-content\\\/uploads\\\/2025\\\/01\\\/Hyperion-Hockey-Stick-2-1-1.jpg\",\"contentUrl\":\"https:\\\/\\\/customhockeysticks.ca\\\/wp-content\\\/uploads\\\/2025\\\/01\\\/Hyperion-Hockey-Stick-2-1-1.jpg\",\"width\":1200,\"height\":1200,\"caption\":\"Photo of blade and shaft of Hyperion 24K sapphire carbon fiber hockey stick on dramatic dark ice.\"},{\"@type\":\"BreadcrumbList\",\"@id\":\"https:\\\/\\\/customhockeysticks.ca\\\/fr\\\/produit\\\/baton-de-hockey-hyperion\\\/#breadcrumb\",\"itemListElement\":[{\"@type\":\"ListItem\",\"position\":1,\"name\":\"Home\",\"item\":\"https:\\\/\\\/customhockeysticks.ca\\\/\"},{\"@type\":\"ListItem\",\"position\":2,\"name\":\"Boutique\",\"item\":\"https:\\\/\\\/customhockeysticks.ca\\\/shop\\\/\"},{\"@type\":\"ListItem\",\"position\":3,\"name\":\"B\u00e2ton de hockey Hyperion\"}]},{\"@type\":\"WebSite\",\"@id\":\"https:\\\/\\\/customhockeysticks.ca\\\/#website\",\"url\":\"https:\\\/\\\/customhockeysticks.ca\\\/\",\"name\":\"Custom Hockey Sticks - CHS | Fully Customizable Pro Level Hockey Sticks\",\"description\":\"Custom Hockey Sticks offers professional grade, fully customizable, carbon graphite hockey sticks without an expensive price tag.\",\"potentialAction\":[{\"@type\":\"SearchAction\",\"target\":{\"@type\":\"EntryPoint\",\"urlTemplate\":\"https:\\\/\\\/customhockeysticks.ca\\\/?s={search_term_string}\"},\"query-input\":{\"@type\":\"PropertyValueSpecification\",\"valueRequired\":true,\"valueName\":\"search_term_string\"}}],\"inLanguage\":\"fr-FR\"}]}<\/script>\n<!-- \/ Yoast SEO plugin. -->","yoast_head_json":{"title":"B\u00e2ton de hockey Hyperion - Custom Hockey Sticks - CHS | Fully Customizable Pro Level Hockey Sticks","robots":{"index":"index","follow":"follow","max-snippet":"max-snippet:-1","max-image-preview":"max-image-preview:large","max-video-preview":"max-video-preview:-1"},"canonical":"https:\/\/customhockeysticks.ca\/fr\/produit\/baton-de-hockey-hyperion\/","og_locale":"fr_FR","og_type":"article","og_title":"B\u00e2ton de hockey Hyperion - Custom Hockey Sticks - CHS | Fully Customizable Pro Level Hockey Sticks","og_description":"L\u2019Hyperion est le b\u00e2ton de hockey ultime, dot\u00e9 de la derni\u00e8re technologie pour une flexibilit\u00e9 et un retour d'\u00e9nergie incroyables, permettant des d\u00e9clenchements ultra-rapides. Il allie la r\u00e9sistance du carbone Saphir et la durabilit\u00e9 de la technologie au bore pour cr\u00e9er le b\u00e2ton le plus l\u00e9ger et le plus performant du march\u00e9.","og_url":"https:\/\/customhockeysticks.ca\/fr\/produit\/baton-de-hockey-hyperion\/","og_site_name":"Custom Hockey Sticks - CHS | Fully Customizable Pro Level Hockey Sticks","article_publisher":"https:\/\/www.facebook.com\/customhockeysticks\/","article_modified_time":"2026-03-25T01:39:19+00:00","og_image":[{"width":1200,"height":1200,"url":"https:\/\/customhockeysticks.ca\/wp-content\/uploads\/2025\/01\/Hyperion-Hockey-Stick-2-1-1.jpg","type":"image\/jpeg"}],"twitter_card":"summary_large_image","twitter_misc":{"Dur\u00e9e de lecture estim\u00e9e":"1 minute"},"schema":{"@context":"https:\/\/schema.org","@graph":[{"@type":"WebPage","@id":"https:\/\/customhockeysticks.ca\/fr\/produit\/baton-de-hockey-hyperion\/","url":"https:\/\/customhockeysticks.ca\/fr\/produit\/baton-de-hockey-hyperion\/","name":"B\u00e2ton de hockey Hyperion - Custom Hockey Sticks - CHS | Fully Customizable Pro Level Hockey Sticks","isPartOf":{"@id":"https:\/\/customhockeysticks.ca\/#website"},"primaryImageOfPage":{"@id":"https:\/\/customhockeysticks.ca\/fr\/produit\/baton-de-hockey-hyperion\/#primaryimage"},"image":{"@id":"https:\/\/customhockeysticks.ca\/fr\/produit\/baton-de-hockey-hyperion\/#primaryimage"},"thumbnailUrl":"https:\/\/customhockeysticks.ca\/wp-content\/uploads\/2025\/01\/Hyperion-Hockey-Stick-2-1-1.jpg","datePublished":"2022-01-17T01:00:25+00:00","dateModified":"2026-03-25T01:39:19+00:00","breadcrumb":{"@id":"https:\/\/customhockeysticks.ca\/fr\/produit\/baton-de-hockey-hyperion\/#breadcrumb"},"inLanguage":"fr-FR","potentialAction":[{"@type":"ReadAction","target":["https:\/\/customhockeysticks.ca\/fr\/produit\/baton-de-hockey-hyperion\/"]}]},{"@type":"ImageObject","inLanguage":"fr-FR","@id":"https:\/\/customhockeysticks.ca\/fr\/produit\/baton-de-hockey-hyperion\/#primaryimage","url":"https:\/\/customhockeysticks.ca\/wp-content\/uploads\/2025\/01\/Hyperion-Hockey-Stick-2-1-1.jpg","contentUrl":"https:\/\/customhockeysticks.ca\/wp-content\/uploads\/2025\/01\/Hyperion-Hockey-Stick-2-1-1.jpg","width":1200,"height":1200,"caption":"Photo of blade and shaft of Hyperion 24K sapphire carbon fiber hockey stick on dramatic dark ice."},{"@type":"BreadcrumbList","@id":"https:\/\/customhockeysticks.ca\/fr\/produit\/baton-de-hockey-hyperion\/#breadcrumb","itemListElement":[{"@type":"ListItem","position":1,"name":"Home","item":"https:\/\/customhockeysticks.ca\/"},{"@type":"ListItem","position":2,"name":"Boutique","item":"https:\/\/customhockeysticks.ca\/shop\/"},{"@type":"ListItem","position":3,"name":"B\u00e2ton de hockey Hyperion"}]},{"@type":"WebSite","@id":"https:\/\/customhockeysticks.ca\/#website","url":"https:\/\/customhockeysticks.ca\/","name":"Custom Hockey Sticks - CHS | Fully Customizable Pro Level Hockey Sticks","description":"Custom Hockey Sticks offers professional grade, fully customizable, carbon graphite hockey sticks without an expensive price tag.","potentialAction":[{"@type":"SearchAction","target":{"@type":"EntryPoint","urlTemplate":"https:\/\/customhockeysticks.ca\/?s={search_term_string}"},"query-input":{"@type":"PropertyValueSpecification","valueRequired":true,"valueName":"search_term_string"}}],"inLanguage":"fr-FR"}]}},"wcpa_form_fields":null,"_links":{"self":[{"href":"https:\/\/customhockeysticks.ca\/fr\/wp-json\/wp\/v2\/product\/38359","targetHints":{"allow":["GET"]}}],"collection":[{"href":"https:\/\/customhockeysticks.ca\/fr\/wp-json\/wp\/v2\/product"}],"about":[{"href":"https:\/\/customhockeysticks.ca\/fr\/wp-json\/wp\/v2\/types\/product"}],"version-history":[{"count":9,"href":"https:\/\/customhockeysticks.ca\/fr\/wp-json\/wp\/v2\/product\/38359\/revisions"}],"predecessor-version":[{"id":46410,"href":"https:\/\/customhockeysticks.ca\/fr\/wp-json\/wp\/v2\/product\/38359\/revisions\/46410"}],"wp:featuredmedia":[{"embeddable":true,"href":"https:\/\/customhockeysticks.ca\/fr\/wp-json\/wp\/v2\/media\/42053"}],"wp:attachment":[{"href":"https:\/\/customhockeysticks.ca\/fr\/wp-json\/wp\/v2\/media?parent=38359"}],"wp:term":[{"taxonomy":"product_brand","embeddable":true,"href":"https:\/\/customhockeysticks.ca\/fr\/wp-json\/wp\/v2\/product_brand?post=38359"},{"taxonomy":"product_cat","embeddable":true,"href":"https:\/\/customhockeysticks.ca\/fr\/wp-json\/wp\/v2\/product_cat?post=38359"},{"taxonomy":"product_tag","embeddable":true,"href":"https:\/\/customhockeysticks.ca\/fr\/wp-json\/wp\/v2\/product_tag?post=38359"}],"curies":[{"name":"wp","href":"https:\/\/api.w.org\/{rel}","templated":true}]}}