{"id":39682,"date":"2023-12-10T19:35:08","date_gmt":"2023-12-11T00:35:08","guid":{"rendered":"https:\/\/customhockeysticks.ca\/product\/custom-hockey-stick-en-stock\/"},"modified":"2026-02-11T08:14:20","modified_gmt":"2026-02-11T13:14:20","slug":"batons-pro-stock-blackout","status":"publish","type":"product","link":"https:\/\/customhockeysticks.ca\/fr\/produit\/batons-pro-stock-blackout\/","title":{"rendered":"B\u00e2tons Pro Stock Blackout"},"content":{"rendered":"","protected":false},"excerpt":{"rendered":"<p><strong>Vous ne voulez pas attendre votre propre b\u00e2ton de hockey personnalis\u00e9? Choisissez parmi nos b\u00e2tons disponibles en stock.<\/strong><\/p>\n","protected":false},"featured_media":43209,"template":"","meta":{"_acf_changed":false},"product_brand":[],"product_cat":[215],"product_tag":[218],"class_list":{"0":"post-39682","1":"product","2":"type-product","3":"status-publish","4":"has-post-thumbnail","6":"product_cat-batons-de-hockey","7":"product_tag-pro-stock-hockey-sticks-fr","9":"first","10":"instock","11":"taxable","12":"shipping-taxable","13":"purchasable","14":"product-type-variable"},"acf":[],"yoast_head":"<!-- This site is optimized with the Yoast SEO plugin v27.3 - https:\/\/yoast.com\/product\/yoast-seo-wordpress\/ -->\n<title>B\u00e2tons Pro Stock Blackout - Custom Hockey Sticks - CHS | Fully Customizable Pro Level Hockey Sticks<\/title>\n<meta name=\"robots\" content=\"index, follow, max-snippet:-1, max-image-preview:large, max-video-preview:-1\" \/>\n<link rel=\"canonical\" href=\"https:\/\/customhockeysticks.ca\/fr\/produit\/batons-pro-stock-blackout\/\" \/>\n<meta property=\"og:locale\" content=\"fr_FR\" \/>\n<meta property=\"og:type\" content=\"article\" \/>\n<meta property=\"og:title\" content=\"B\u00e2tons Pro Stock Blackout - Custom Hockey Sticks - CHS | Fully Customizable Pro Level Hockey Sticks\" \/>\n<meta property=\"og:description\" content=\"Vous ne voulez pas attendre votre propre b\u00e2ton de hockey personnalis\u00e9? Choisissez parmi nos b\u00e2tons disponibles en stock.\" \/>\n<meta property=\"og:url\" content=\"https:\/\/customhockeysticks.ca\/fr\/produit\/batons-pro-stock-blackout\/\" \/>\n<meta property=\"og:site_name\" content=\"Custom Hockey Sticks - CHS | Fully Customizable Pro Level Hockey Sticks\" \/>\n<meta property=\"article:publisher\" content=\"https:\/\/www.facebook.com\/customhockeysticks\/\" \/>\n<meta property=\"article:modified_time\" content=\"2026-02-11T13:14:20+00:00\" \/>\n<meta property=\"og:image\" content=\"https:\/\/customhockeysticks.ca\/wp-content\/uploads\/2025\/03\/Pro-Stock-Blackout-CHS-2.jpg\" \/>\n\t<meta property=\"og:image:width\" content=\"1200\" \/>\n\t<meta property=\"og:image:height\" content=\"1200\" \/>\n\t<meta property=\"og:image:type\" content=\"image\/jpeg\" \/>\n<meta name=\"twitter:card\" content=\"summary_large_image\" \/>\n<meta name=\"twitter:label1\" content=\"Dur\u00e9e de lecture estim\u00e9e\" \/>\n\t<meta name=\"twitter:data1\" content=\"1 minute\" \/>\n<script type=\"application\/ld+json\" class=\"yoast-schema-graph\">{\"@context\":\"https:\\\/\\\/schema.org\",\"@graph\":[{\"@type\":\"WebPage\",\"@id\":\"https:\\\/\\\/customhockeysticks.ca\\\/fr\\\/produit\\\/batons-pro-stock-blackout\\\/\",\"url\":\"https:\\\/\\\/customhockeysticks.ca\\\/fr\\\/produit\\\/batons-pro-stock-blackout\\\/\",\"name\":\"B\u00e2tons Pro Stock Blackout - Custom Hockey Sticks - CHS | Fully Customizable Pro Level Hockey Sticks\",\"isPartOf\":{\"@id\":\"https:\\\/\\\/customhockeysticks.ca\\\/#website\"},\"primaryImageOfPage\":{\"@id\":\"https:\\\/\\\/customhockeysticks.ca\\\/fr\\\/produit\\\/batons-pro-stock-blackout\\\/#primaryimage\"},\"image\":{\"@id\":\"https:\\\/\\\/customhockeysticks.ca\\\/fr\\\/produit\\\/batons-pro-stock-blackout\\\/#primaryimage\"},\"thumbnailUrl\":\"https:\\\/\\\/customhockeysticks.ca\\\/wp-content\\\/uploads\\\/2025\\\/03\\\/Pro-Stock-Blackout-CHS-2.jpg\",\"datePublished\":\"2023-12-11T00:35:08+00:00\",\"dateModified\":\"2026-02-11T13:14:20+00:00\",\"breadcrumb\":{\"@id\":\"https:\\\/\\\/customhockeysticks.ca\\\/fr\\\/produit\\\/batons-pro-stock-blackout\\\/#breadcrumb\"},\"inLanguage\":\"fr-FR\",\"potentialAction\":[{\"@type\":\"ReadAction\",\"target\":[\"https:\\\/\\\/customhockeysticks.ca\\\/fr\\\/produit\\\/batons-pro-stock-blackout\\\/\"]}]},{\"@type\":\"ImageObject\",\"inLanguage\":\"fr-FR\",\"@id\":\"https:\\\/\\\/customhockeysticks.ca\\\/fr\\\/produit\\\/batons-pro-stock-blackout\\\/#primaryimage\",\"url\":\"https:\\\/\\\/customhockeysticks.ca\\\/wp-content\\\/uploads\\\/2025\\\/03\\\/Pro-Stock-Blackout-CHS-2.jpg\",\"contentUrl\":\"https:\\\/\\\/customhockeysticks.ca\\\/wp-content\\\/uploads\\\/2025\\\/03\\\/Pro-Stock-Blackout-CHS-2.jpg\",\"width\":1200,\"height\":1200,\"caption\":\"A Pro Stock Blackout carbon fiber hockey stick sitting on black ice.\"},{\"@type\":\"BreadcrumbList\",\"@id\":\"https:\\\/\\\/customhockeysticks.ca\\\/fr\\\/produit\\\/batons-pro-stock-blackout\\\/#breadcrumb\",\"itemListElement\":[{\"@type\":\"ListItem\",\"position\":1,\"name\":\"Home\",\"item\":\"https:\\\/\\\/customhockeysticks.ca\\\/\"},{\"@type\":\"ListItem\",\"position\":2,\"name\":\"Boutique\",\"item\":\"https:\\\/\\\/customhockeysticks.ca\\\/shop\\\/\"},{\"@type\":\"ListItem\",\"position\":3,\"name\":\"B\u00e2tons Pro Stock Blackout\"}]},{\"@type\":\"WebSite\",\"@id\":\"https:\\\/\\\/customhockeysticks.ca\\\/#website\",\"url\":\"https:\\\/\\\/customhockeysticks.ca\\\/\",\"name\":\"Custom Hockey Sticks - CHS | Fully Customizable Pro Level Hockey Sticks\",\"description\":\"Custom Hockey Sticks offers professional grade, fully customizable, carbon graphite hockey sticks without an expensive price tag.\",\"potentialAction\":[{\"@type\":\"SearchAction\",\"target\":{\"@type\":\"EntryPoint\",\"urlTemplate\":\"https:\\\/\\\/customhockeysticks.ca\\\/?s={search_term_string}\"},\"query-input\":{\"@type\":\"PropertyValueSpecification\",\"valueRequired\":true,\"valueName\":\"search_term_string\"}}],\"inLanguage\":\"fr-FR\"}]}<\/script>\n<!-- \/ Yoast SEO plugin. -->","yoast_head_json":{"title":"B\u00e2tons Pro Stock Blackout - Custom Hockey Sticks - CHS | Fully Customizable Pro Level Hockey Sticks","robots":{"index":"index","follow":"follow","max-snippet":"max-snippet:-1","max-image-preview":"max-image-preview:large","max-video-preview":"max-video-preview:-1"},"canonical":"https:\/\/customhockeysticks.ca\/fr\/produit\/batons-pro-stock-blackout\/","og_locale":"fr_FR","og_type":"article","og_title":"B\u00e2tons Pro Stock Blackout - Custom Hockey Sticks - CHS | Fully Customizable Pro Level Hockey Sticks","og_description":"Vous ne voulez pas attendre votre propre b\u00e2ton de hockey personnalis\u00e9? Choisissez parmi nos b\u00e2tons disponibles en stock.","og_url":"https:\/\/customhockeysticks.ca\/fr\/produit\/batons-pro-stock-blackout\/","og_site_name":"Custom Hockey Sticks - CHS | Fully Customizable Pro Level Hockey Sticks","article_publisher":"https:\/\/www.facebook.com\/customhockeysticks\/","article_modified_time":"2026-02-11T13:14:20+00:00","og_image":[{"width":1200,"height":1200,"url":"https:\/\/customhockeysticks.ca\/wp-content\/uploads\/2025\/03\/Pro-Stock-Blackout-CHS-2.jpg","type":"image\/jpeg"}],"twitter_card":"summary_large_image","twitter_misc":{"Dur\u00e9e de lecture estim\u00e9e":"1 minute"},"schema":{"@context":"https:\/\/schema.org","@graph":[{"@type":"WebPage","@id":"https:\/\/customhockeysticks.ca\/fr\/produit\/batons-pro-stock-blackout\/","url":"https:\/\/customhockeysticks.ca\/fr\/produit\/batons-pro-stock-blackout\/","name":"B\u00e2tons Pro Stock Blackout - Custom Hockey Sticks - CHS | Fully Customizable Pro Level Hockey Sticks","isPartOf":{"@id":"https:\/\/customhockeysticks.ca\/#website"},"primaryImageOfPage":{"@id":"https:\/\/customhockeysticks.ca\/fr\/produit\/batons-pro-stock-blackout\/#primaryimage"},"image":{"@id":"https:\/\/customhockeysticks.ca\/fr\/produit\/batons-pro-stock-blackout\/#primaryimage"},"thumbnailUrl":"https:\/\/customhockeysticks.ca\/wp-content\/uploads\/2025\/03\/Pro-Stock-Blackout-CHS-2.jpg","datePublished":"2023-12-11T00:35:08+00:00","dateModified":"2026-02-11T13:14:20+00:00","breadcrumb":{"@id":"https:\/\/customhockeysticks.ca\/fr\/produit\/batons-pro-stock-blackout\/#breadcrumb"},"inLanguage":"fr-FR","potentialAction":[{"@type":"ReadAction","target":["https:\/\/customhockeysticks.ca\/fr\/produit\/batons-pro-stock-blackout\/"]}]},{"@type":"ImageObject","inLanguage":"fr-FR","@id":"https:\/\/customhockeysticks.ca\/fr\/produit\/batons-pro-stock-blackout\/#primaryimage","url":"https:\/\/customhockeysticks.ca\/wp-content\/uploads\/2025\/03\/Pro-Stock-Blackout-CHS-2.jpg","contentUrl":"https:\/\/customhockeysticks.ca\/wp-content\/uploads\/2025\/03\/Pro-Stock-Blackout-CHS-2.jpg","width":1200,"height":1200,"caption":"A Pro Stock Blackout carbon fiber hockey stick sitting on black ice."},{"@type":"BreadcrumbList","@id":"https:\/\/customhockeysticks.ca\/fr\/produit\/batons-pro-stock-blackout\/#breadcrumb","itemListElement":[{"@type":"ListItem","position":1,"name":"Home","item":"https:\/\/customhockeysticks.ca\/"},{"@type":"ListItem","position":2,"name":"Boutique","item":"https:\/\/customhockeysticks.ca\/shop\/"},{"@type":"ListItem","position":3,"name":"B\u00e2tons Pro Stock Blackout"}]},{"@type":"WebSite","@id":"https:\/\/customhockeysticks.ca\/#website","url":"https:\/\/customhockeysticks.ca\/","name":"Custom Hockey Sticks - CHS | Fully Customizable Pro Level Hockey Sticks","description":"Custom Hockey Sticks offers professional grade, fully customizable, carbon graphite hockey sticks without an expensive price tag.","potentialAction":[{"@type":"SearchAction","target":{"@type":"EntryPoint","urlTemplate":"https:\/\/customhockeysticks.ca\/?s={search_term_string}"},"query-input":{"@type":"PropertyValueSpecification","valueRequired":true,"valueName":"search_term_string"}}],"inLanguage":"fr-FR"}]}},"wcpa_form_fields":null,"_links":{"self":[{"href":"https:\/\/customhockeysticks.ca\/fr\/wp-json\/wp\/v2\/product\/39682","targetHints":{"allow":["GET"]}}],"collection":[{"href":"https:\/\/customhockeysticks.ca\/fr\/wp-json\/wp\/v2\/product"}],"about":[{"href":"https:\/\/customhockeysticks.ca\/fr\/wp-json\/wp\/v2\/types\/product"}],"version-history":[{"count":4,"href":"https:\/\/customhockeysticks.ca\/fr\/wp-json\/wp\/v2\/product\/39682\/revisions"}],"predecessor-version":[{"id":46393,"href":"https:\/\/customhockeysticks.ca\/fr\/wp-json\/wp\/v2\/product\/39682\/revisions\/46393"}],"wp:featuredmedia":[{"embeddable":true,"href":"https:\/\/customhockeysticks.ca\/fr\/wp-json\/wp\/v2\/media\/43209"}],"wp:attachment":[{"href":"https:\/\/customhockeysticks.ca\/fr\/wp-json\/wp\/v2\/media?parent=39682"}],"wp:term":[{"taxonomy":"product_brand","embeddable":true,"href":"https:\/\/customhockeysticks.ca\/fr\/wp-json\/wp\/v2\/product_brand?post=39682"},{"taxonomy":"product_cat","embeddable":true,"href":"https:\/\/customhockeysticks.ca\/fr\/wp-json\/wp\/v2\/product_cat?post=39682"},{"taxonomy":"product_tag","embeddable":true,"href":"https:\/\/customhockeysticks.ca\/fr\/wp-json\/wp\/v2\/product_tag?post=39682"}],"curies":[{"name":"wp","href":"https:\/\/api.w.org\/{rel}","templated":true}]}}