{"id":48914,"date":"2025-10-11T13:46:28","date_gmt":"2025-10-11T17:46:28","guid":{"rendered":"https:\/\/customhockeysticks.ca\/?post_type=product&#038;p=48914"},"modified":"2026-02-11T17:31:25","modified_gmt":"2026-02-11T22:31:25","slug":"helios-junior-hockey-stick","status":"publish","type":"product","link":"https:\/\/customhockeysticks.ca\/fr\/produit\/helios-junior-hockey-stick\/","title":{"rendered":"B\u00e2ton de hockey junior Helios"},"content":{"rendered":"","protected":false},"excerpt":{"rendered":"<p>L\u2019Helios est l\u2019ultime b\u00e2ton junior, con\u00e7u avec la technologie la plus avanc\u00e9e pour un flex explosif, un contr\u00f4le exceptionnel et des lancers ultra-rapides.<br \/>\nFabriqu\u00e9 en fibre de carbone argent\u00e9e 18K et renforc\u00e9 de bore, il allie puissance, l\u00e9g\u00e8ret\u00e9 et durabilit\u00e9 de niveau \u00e9lite, faisant du Helios l\u2019un des b\u00e2tons juniors les plus performants sur le march\u00e9.<\/p>\n","protected":false},"featured_media":48507,"template":"","meta":{"_acf_changed":false},"product_brand":[],"product_cat":[215],"product_tag":[372],"class_list":{"0":"post-48914","1":"product","2":"type-product","3":"status-publish","4":"has-post-thumbnail","6":"product_cat-batons-de-hockey","7":"product_tag-helios-fr","9":"first","10":"instock","11":"taxable","12":"shipping-taxable","13":"purchasable","14":"product-type-variable"},"acf":[],"yoast_head":"<!-- This site is optimized with the Yoast SEO plugin v27.3 - https:\/\/yoast.com\/product\/yoast-seo-wordpress\/ -->\n<title>B\u00e2ton de hockey junior Helios - Custom Hockey Sticks - CHS | Fully Customizable Pro Level Hockey Sticks<\/title>\n<meta name=\"description\" content=\"L\u2019Helios est l\u2019ultime b\u00e2ton junior, con\u00e7u avec la technologie la plus avanc\u00e9e pour un flex explosif, un contr\u00f4le exceptionnel et des lancers ultra-rapides.\" \/>\n<meta name=\"robots\" content=\"index, follow, max-snippet:-1, max-image-preview:large, max-video-preview:-1\" \/>\n<link rel=\"canonical\" href=\"https:\/\/customhockeysticks.ca\/fr\/produit\/helios-junior-hockey-stick\/\" \/>\n<meta property=\"og:locale\" content=\"fr_FR\" \/>\n<meta property=\"og:type\" content=\"article\" \/>\n<meta property=\"og:title\" content=\"B\u00e2ton de hockey junior Helios - Custom Hockey Sticks - CHS | Fully Customizable Pro Level Hockey Sticks\" \/>\n<meta property=\"og:description\" content=\"L\u2019Helios est l\u2019ultime b\u00e2ton junior, con\u00e7u avec la technologie la plus avanc\u00e9e pour un flex explosif, un contr\u00f4le exceptionnel et des lancers ultra-rapides.\" \/>\n<meta property=\"og:url\" content=\"https:\/\/customhockeysticks.ca\/fr\/produit\/helios-junior-hockey-stick\/\" \/>\n<meta property=\"og:site_name\" content=\"Custom Hockey Sticks - CHS | Fully Customizable Pro Level Hockey Sticks\" \/>\n<meta property=\"article:publisher\" content=\"https:\/\/www.facebook.com\/customhockeysticks\/\" \/>\n<meta property=\"article:modified_time\" content=\"2026-02-11T22:31:25+00:00\" \/>\n<meta property=\"og:image\" content=\"https:\/\/customhockeysticks.ca\/wp-content\/uploads\/2025\/10\/Helios-Junior-Hockey-Stick-1.jpg\" \/>\n\t<meta property=\"og:image:width\" content=\"1500\" \/>\n\t<meta property=\"og:image:height\" content=\"1500\" \/>\n\t<meta property=\"og:image:type\" content=\"image\/jpeg\" \/>\n<meta name=\"twitter:card\" content=\"summary_large_image\" \/>\n<meta name=\"twitter:label1\" content=\"Dur\u00e9e de lecture estim\u00e9e\" \/>\n\t<meta name=\"twitter:data1\" content=\"1 minute\" \/>\n<script type=\"application\/ld+json\" class=\"yoast-schema-graph\">{\"@context\":\"https:\\\/\\\/schema.org\",\"@graph\":[{\"@type\":\"WebPage\",\"@id\":\"https:\\\/\\\/customhockeysticks.ca\\\/fr\\\/produit\\\/helios-junior-hockey-stick\\\/\",\"url\":\"https:\\\/\\\/customhockeysticks.ca\\\/fr\\\/produit\\\/helios-junior-hockey-stick\\\/\",\"name\":\"B\u00e2ton de hockey junior Helios - Custom Hockey Sticks - CHS | Fully Customizable Pro Level Hockey Sticks\",\"isPartOf\":{\"@id\":\"https:\\\/\\\/customhockeysticks.ca\\\/#website\"},\"primaryImageOfPage\":{\"@id\":\"https:\\\/\\\/customhockeysticks.ca\\\/fr\\\/produit\\\/helios-junior-hockey-stick\\\/#primaryimage\"},\"image\":{\"@id\":\"https:\\\/\\\/customhockeysticks.ca\\\/fr\\\/produit\\\/helios-junior-hockey-stick\\\/#primaryimage\"},\"thumbnailUrl\":\"https:\\\/\\\/customhockeysticks.ca\\\/wp-content\\\/uploads\\\/2025\\\/10\\\/Helios-Junior-Hockey-Stick-1.jpg\",\"datePublished\":\"2025-10-11T17:46:28+00:00\",\"dateModified\":\"2026-02-11T22:31:25+00:00\",\"description\":\"L\u2019Helios est l\u2019ultime b\u00e2ton junior, con\u00e7u avec la technologie la plus avanc\u00e9e pour un flex explosif, un contr\u00f4le exceptionnel et des lancers ultra-rapides.\",\"breadcrumb\":{\"@id\":\"https:\\\/\\\/customhockeysticks.ca\\\/fr\\\/produit\\\/helios-junior-hockey-stick\\\/#breadcrumb\"},\"inLanguage\":\"fr-FR\",\"potentialAction\":[{\"@type\":\"ReadAction\",\"target\":[\"https:\\\/\\\/customhockeysticks.ca\\\/fr\\\/produit\\\/helios-junior-hockey-stick\\\/\"]}]},{\"@type\":\"ImageObject\",\"inLanguage\":\"fr-FR\",\"@id\":\"https:\\\/\\\/customhockeysticks.ca\\\/fr\\\/produit\\\/helios-junior-hockey-stick\\\/#primaryimage\",\"url\":\"https:\\\/\\\/customhockeysticks.ca\\\/wp-content\\\/uploads\\\/2025\\\/10\\\/Helios-Junior-Hockey-Stick-1.jpg\",\"contentUrl\":\"https:\\\/\\\/customhockeysticks.ca\\\/wp-content\\\/uploads\\\/2025\\\/10\\\/Helios-Junior-Hockey-Stick-1.jpg\",\"width\":1500,\"height\":1500},{\"@type\":\"BreadcrumbList\",\"@id\":\"https:\\\/\\\/customhockeysticks.ca\\\/fr\\\/produit\\\/helios-junior-hockey-stick\\\/#breadcrumb\",\"itemListElement\":[{\"@type\":\"ListItem\",\"position\":1,\"name\":\"Home\",\"item\":\"https:\\\/\\\/customhockeysticks.ca\\\/\"},{\"@type\":\"ListItem\",\"position\":2,\"name\":\"Boutique\",\"item\":\"https:\\\/\\\/customhockeysticks.ca\\\/shop\\\/\"},{\"@type\":\"ListItem\",\"position\":3,\"name\":\"B\u00e2ton de hockey junior Helios\"}]},{\"@type\":\"WebSite\",\"@id\":\"https:\\\/\\\/customhockeysticks.ca\\\/#website\",\"url\":\"https:\\\/\\\/customhockeysticks.ca\\\/\",\"name\":\"Custom Hockey Sticks - CHS | Fully Customizable Pro Level Hockey Sticks\",\"description\":\"Custom Hockey Sticks offers professional grade, fully customizable, carbon graphite hockey sticks without an expensive price tag.\",\"potentialAction\":[{\"@type\":\"SearchAction\",\"target\":{\"@type\":\"EntryPoint\",\"urlTemplate\":\"https:\\\/\\\/customhockeysticks.ca\\\/?s={search_term_string}\"},\"query-input\":{\"@type\":\"PropertyValueSpecification\",\"valueRequired\":true,\"valueName\":\"search_term_string\"}}],\"inLanguage\":\"fr-FR\"}]}<\/script>\n<!-- \/ Yoast SEO plugin. -->","yoast_head_json":{"title":"B\u00e2ton de hockey junior Helios - Custom Hockey Sticks - CHS | Fully Customizable Pro Level Hockey Sticks","description":"L\u2019Helios est l\u2019ultime b\u00e2ton junior, con\u00e7u avec la technologie la plus avanc\u00e9e pour un flex explosif, un contr\u00f4le exceptionnel et des lancers ultra-rapides.","robots":{"index":"index","follow":"follow","max-snippet":"max-snippet:-1","max-image-preview":"max-image-preview:large","max-video-preview":"max-video-preview:-1"},"canonical":"https:\/\/customhockeysticks.ca\/fr\/produit\/helios-junior-hockey-stick\/","og_locale":"fr_FR","og_type":"article","og_title":"B\u00e2ton de hockey junior Helios - Custom Hockey Sticks - CHS | Fully Customizable Pro Level Hockey Sticks","og_description":"L\u2019Helios est l\u2019ultime b\u00e2ton junior, con\u00e7u avec la technologie la plus avanc\u00e9e pour un flex explosif, un contr\u00f4le exceptionnel et des lancers ultra-rapides.","og_url":"https:\/\/customhockeysticks.ca\/fr\/produit\/helios-junior-hockey-stick\/","og_site_name":"Custom Hockey Sticks - CHS | Fully Customizable Pro Level Hockey Sticks","article_publisher":"https:\/\/www.facebook.com\/customhockeysticks\/","article_modified_time":"2026-02-11T22:31:25+00:00","og_image":[{"width":1500,"height":1500,"url":"https:\/\/customhockeysticks.ca\/wp-content\/uploads\/2025\/10\/Helios-Junior-Hockey-Stick-1.jpg","type":"image\/jpeg"}],"twitter_card":"summary_large_image","twitter_misc":{"Dur\u00e9e de lecture estim\u00e9e":"1 minute"},"schema":{"@context":"https:\/\/schema.org","@graph":[{"@type":"WebPage","@id":"https:\/\/customhockeysticks.ca\/fr\/produit\/helios-junior-hockey-stick\/","url":"https:\/\/customhockeysticks.ca\/fr\/produit\/helios-junior-hockey-stick\/","name":"B\u00e2ton de hockey junior Helios - Custom Hockey Sticks - CHS | Fully Customizable Pro Level Hockey Sticks","isPartOf":{"@id":"https:\/\/customhockeysticks.ca\/#website"},"primaryImageOfPage":{"@id":"https:\/\/customhockeysticks.ca\/fr\/produit\/helios-junior-hockey-stick\/#primaryimage"},"image":{"@id":"https:\/\/customhockeysticks.ca\/fr\/produit\/helios-junior-hockey-stick\/#primaryimage"},"thumbnailUrl":"https:\/\/customhockeysticks.ca\/wp-content\/uploads\/2025\/10\/Helios-Junior-Hockey-Stick-1.jpg","datePublished":"2025-10-11T17:46:28+00:00","dateModified":"2026-02-11T22:31:25+00:00","description":"L\u2019Helios est l\u2019ultime b\u00e2ton junior, con\u00e7u avec la technologie la plus avanc\u00e9e pour un flex explosif, un contr\u00f4le exceptionnel et des lancers ultra-rapides.","breadcrumb":{"@id":"https:\/\/customhockeysticks.ca\/fr\/produit\/helios-junior-hockey-stick\/#breadcrumb"},"inLanguage":"fr-FR","potentialAction":[{"@type":"ReadAction","target":["https:\/\/customhockeysticks.ca\/fr\/produit\/helios-junior-hockey-stick\/"]}]},{"@type":"ImageObject","inLanguage":"fr-FR","@id":"https:\/\/customhockeysticks.ca\/fr\/produit\/helios-junior-hockey-stick\/#primaryimage","url":"https:\/\/customhockeysticks.ca\/wp-content\/uploads\/2025\/10\/Helios-Junior-Hockey-Stick-1.jpg","contentUrl":"https:\/\/customhockeysticks.ca\/wp-content\/uploads\/2025\/10\/Helios-Junior-Hockey-Stick-1.jpg","width":1500,"height":1500},{"@type":"BreadcrumbList","@id":"https:\/\/customhockeysticks.ca\/fr\/produit\/helios-junior-hockey-stick\/#breadcrumb","itemListElement":[{"@type":"ListItem","position":1,"name":"Home","item":"https:\/\/customhockeysticks.ca\/"},{"@type":"ListItem","position":2,"name":"Boutique","item":"https:\/\/customhockeysticks.ca\/shop\/"},{"@type":"ListItem","position":3,"name":"B\u00e2ton de hockey junior Helios"}]},{"@type":"WebSite","@id":"https:\/\/customhockeysticks.ca\/#website","url":"https:\/\/customhockeysticks.ca\/","name":"Custom Hockey Sticks - CHS | Fully Customizable Pro Level Hockey Sticks","description":"Custom Hockey Sticks offers professional grade, fully customizable, carbon graphite hockey sticks without an expensive price tag.","potentialAction":[{"@type":"SearchAction","target":{"@type":"EntryPoint","urlTemplate":"https:\/\/customhockeysticks.ca\/?s={search_term_string}"},"query-input":{"@type":"PropertyValueSpecification","valueRequired":true,"valueName":"search_term_string"}}],"inLanguage":"fr-FR"}]}},"wcpa_form_fields":null,"_links":{"self":[{"href":"https:\/\/customhockeysticks.ca\/fr\/wp-json\/wp\/v2\/product\/48914","targetHints":{"allow":["GET"]}}],"collection":[{"href":"https:\/\/customhockeysticks.ca\/fr\/wp-json\/wp\/v2\/product"}],"about":[{"href":"https:\/\/customhockeysticks.ca\/fr\/wp-json\/wp\/v2\/types\/product"}],"version-history":[{"count":4,"href":"https:\/\/customhockeysticks.ca\/fr\/wp-json\/wp\/v2\/product\/48914\/revisions"}],"predecessor-version":[{"id":49017,"href":"https:\/\/customhockeysticks.ca\/fr\/wp-json\/wp\/v2\/product\/48914\/revisions\/49017"}],"wp:featuredmedia":[{"embeddable":true,"href":"https:\/\/customhockeysticks.ca\/fr\/wp-json\/wp\/v2\/media\/48507"}],"wp:attachment":[{"href":"https:\/\/customhockeysticks.ca\/fr\/wp-json\/wp\/v2\/media?parent=48914"}],"wp:term":[{"taxonomy":"product_brand","embeddable":true,"href":"https:\/\/customhockeysticks.ca\/fr\/wp-json\/wp\/v2\/product_brand?post=48914"},{"taxonomy":"product_cat","embeddable":true,"href":"https:\/\/customhockeysticks.ca\/fr\/wp-json\/wp\/v2\/product_cat?post=48914"},{"taxonomy":"product_tag","embeddable":true,"href":"https:\/\/customhockeysticks.ca\/fr\/wp-json\/wp\/v2\/product_tag?post=48914"}],"curies":[{"name":"wp","href":"https:\/\/api.w.org\/{rel}","templated":true}]}}