{"id":7473,"date":"2020-11-21T13:51:25","date_gmt":"2020-11-21T18:51:25","guid":{"rendered":"https:\/\/customhockeysticks.ca\/product\/carte-cadeau\/"},"modified":"2020-12-05T09:05:32","modified_gmt":"2020-12-05T14:05:32","slug":"carte-cadeau","status":"publish","type":"product","link":"https:\/\/customhockeysticks.ca\/fr\/produit\/carte-cadeau\/","title":{"rendered":"Custom Hockey Sticks Carte-cadeau"},"content":{"rendered":"","protected":false},"excerpt":{"rendered":"<p>Vous ne savez pas exactement avec quelles sp\u00e9cifications votre ami ou un membre de votre famille joue? Procurez-vous une carte-cadeau \u00e9lectronique Custom Hockey Sticks et laissez-les choisir eux-m\u00eames leurs personnalisations.<\/p>\n<p>Programmez l&rsquo;envoi de votre carte-cadeau par e-mail \u00e0 votre destinataire \u00e0 une date exacte, ou envoyez-la simplement \u00e0 vous-m\u00eame et imprimez-la pour \u00eatre offerte.<\/p>\n","protected":false},"featured_media":31591,"template":"","meta":{"_acf_changed":false},"product_brand":[],"product_cat":[57],"product_tag":[],"class_list":{"0":"post-7473","1":"product","2":"type-product","3":"status-publish","4":"has-post-thumbnail","6":"product_cat-carte-cadeau","8":"first","9":"instock","10":"purchasable","11":"product-type-pw-gift-card","12":"has-default-attributes"},"acf":[],"yoast_head":"<!-- This site is optimized with the Yoast SEO plugin v27.3 - https:\/\/yoast.com\/product\/yoast-seo-wordpress\/ -->\n<title>Custom Hockey Sticks Carte-cadeau - Custom Hockey Sticks - CHS | Fully Customizable Pro Level Hockey Sticks<\/title>\n<meta name=\"robots\" content=\"index, follow, max-snippet:-1, max-image-preview:large, max-video-preview:-1\" \/>\n<link rel=\"canonical\" href=\"https:\/\/customhockeysticks.ca\/produit\/gift-card\/\" \/>\n<meta property=\"og:locale\" content=\"fr_FR\" \/>\n<meta property=\"og:type\" content=\"article\" \/>\n<meta property=\"og:title\" content=\"Custom Hockey Sticks Carte-cadeau - Custom Hockey Sticks - CHS | Fully Customizable Pro Level Hockey Sticks\" \/>\n<meta property=\"og:description\" content=\"Vous ne savez pas exactement avec quelles sp\u00e9cifications votre ami ou un membre de votre famille joue? Procurez-vous une carte-cadeau \u00e9lectronique Custom Hockey Sticks et laissez-les choisir eux-m\u00eames leurs personnalisations.  Programmez l&#039;envoi de votre carte-cadeau par e-mail \u00e0 votre destinataire \u00e0 une date exacte, ou envoyez-la simplement \u00e0 vous-m\u00eame et imprimez-la pour \u00eatre offerte.\" \/>\n<meta property=\"og:url\" content=\"https:\/\/customhockeysticks.ca\/produit\/gift-card\/\" \/>\n<meta property=\"og:site_name\" content=\"Custom Hockey Sticks - CHS | Fully Customizable Pro Level Hockey Sticks\" \/>\n<meta property=\"article:publisher\" content=\"https:\/\/www.facebook.com\/customhockeysticks\/\" \/>\n<meta property=\"article:modified_time\" content=\"2020-12-05T14:05:32+00:00\" \/>\n<meta property=\"og:image\" content=\"https:\/\/customhockeysticks.ca\/wp-content\/uploads\/2020\/11\/Custom-Hockey-Sticks-Gift-Card.jpg\" \/>\n\t<meta property=\"og:image:width\" content=\"650\" \/>\n\t<meta property=\"og:image:height\" content=\"650\" \/>\n\t<meta property=\"og:image:type\" content=\"image\/jpeg\" \/>\n<meta name=\"twitter:card\" content=\"summary_large_image\" \/>\n<script type=\"application\/ld+json\" class=\"yoast-schema-graph\">{\"@context\":\"https:\\\/\\\/schema.org\",\"@graph\":[{\"@type\":\"WebPage\",\"@id\":\"https:\\\/\\\/customhockeysticks.ca\\\/produit\\\/gift-card\\\/\",\"url\":\"https:\\\/\\\/customhockeysticks.ca\\\/produit\\\/gift-card\\\/\",\"name\":\"Custom Hockey Sticks Carte-cadeau - Custom Hockey Sticks - CHS | Fully Customizable Pro Level Hockey Sticks\",\"isPartOf\":{\"@id\":\"https:\\\/\\\/customhockeysticks.ca\\\/#website\"},\"primaryImageOfPage\":{\"@id\":\"https:\\\/\\\/customhockeysticks.ca\\\/produit\\\/gift-card\\\/#primaryimage\"},\"image\":{\"@id\":\"https:\\\/\\\/customhockeysticks.ca\\\/produit\\\/gift-card\\\/#primaryimage\"},\"thumbnailUrl\":\"https:\\\/\\\/customhockeysticks.ca\\\/wp-content\\\/uploads\\\/2020\\\/11\\\/Custom-Hockey-Sticks-Gift-Card.jpg\",\"datePublished\":\"2020-11-21T18:51:25+00:00\",\"dateModified\":\"2020-12-05T14:05:32+00:00\",\"breadcrumb\":{\"@id\":\"https:\\\/\\\/customhockeysticks.ca\\\/produit\\\/gift-card\\\/#breadcrumb\"},\"inLanguage\":\"fr-FR\",\"potentialAction\":[{\"@type\":\"ReadAction\",\"target\":[\"https:\\\/\\\/customhockeysticks.ca\\\/produit\\\/gift-card\\\/\"]}]},{\"@type\":\"ImageObject\",\"inLanguage\":\"fr-FR\",\"@id\":\"https:\\\/\\\/customhockeysticks.ca\\\/produit\\\/gift-card\\\/#primaryimage\",\"url\":\"https:\\\/\\\/customhockeysticks.ca\\\/wp-content\\\/uploads\\\/2020\\\/11\\\/Custom-Hockey-Sticks-Gift-Card.jpg\",\"contentUrl\":\"https:\\\/\\\/customhockeysticks.ca\\\/wp-content\\\/uploads\\\/2020\\\/11\\\/Custom-Hockey-Sticks-Gift-Card.jpg\",\"width\":650,\"height\":650},{\"@type\":\"BreadcrumbList\",\"@id\":\"https:\\\/\\\/customhockeysticks.ca\\\/produit\\\/gift-card\\\/#breadcrumb\",\"itemListElement\":[{\"@type\":\"ListItem\",\"position\":1,\"name\":\"Home\",\"item\":\"https:\\\/\\\/customhockeysticks.ca\\\/\"},{\"@type\":\"ListItem\",\"position\":2,\"name\":\"Boutique\",\"item\":\"https:\\\/\\\/customhockeysticks.ca\\\/shop\\\/\"},{\"@type\":\"ListItem\",\"position\":3,\"name\":\"Custom Hockey Sticks Carte-cadeau\"}]},{\"@type\":\"WebSite\",\"@id\":\"https:\\\/\\\/customhockeysticks.ca\\\/#website\",\"url\":\"https:\\\/\\\/customhockeysticks.ca\\\/\",\"name\":\"Custom Hockey Sticks - CHS | Fully Customizable Pro Level Hockey Sticks\",\"description\":\"Custom Hockey Sticks offers professional grade, fully customizable, carbon graphite hockey sticks without an expensive price tag.\",\"potentialAction\":[{\"@type\":\"SearchAction\",\"target\":{\"@type\":\"EntryPoint\",\"urlTemplate\":\"https:\\\/\\\/customhockeysticks.ca\\\/?s={search_term_string}\"},\"query-input\":{\"@type\":\"PropertyValueSpecification\",\"valueRequired\":true,\"valueName\":\"search_term_string\"}}],\"inLanguage\":\"fr-FR\"}]}<\/script>\n<!-- \/ Yoast SEO plugin. -->","yoast_head_json":{"title":"Custom Hockey Sticks Carte-cadeau - Custom Hockey Sticks - CHS | Fully Customizable Pro Level Hockey Sticks","robots":{"index":"index","follow":"follow","max-snippet":"max-snippet:-1","max-image-preview":"max-image-preview:large","max-video-preview":"max-video-preview:-1"},"canonical":"https:\/\/customhockeysticks.ca\/produit\/gift-card\/","og_locale":"fr_FR","og_type":"article","og_title":"Custom Hockey Sticks Carte-cadeau - Custom Hockey Sticks - CHS | Fully Customizable Pro Level Hockey Sticks","og_description":"Vous ne savez pas exactement avec quelles sp\u00e9cifications votre ami ou un membre de votre famille joue? Procurez-vous une carte-cadeau \u00e9lectronique Custom Hockey Sticks et laissez-les choisir eux-m\u00eames leurs personnalisations.  Programmez l'envoi de votre carte-cadeau par e-mail \u00e0 votre destinataire \u00e0 une date exacte, ou envoyez-la simplement \u00e0 vous-m\u00eame et imprimez-la pour \u00eatre offerte.","og_url":"https:\/\/customhockeysticks.ca\/produit\/gift-card\/","og_site_name":"Custom Hockey Sticks - CHS | Fully Customizable Pro Level Hockey Sticks","article_publisher":"https:\/\/www.facebook.com\/customhockeysticks\/","article_modified_time":"2020-12-05T14:05:32+00:00","og_image":[{"width":650,"height":650,"url":"https:\/\/customhockeysticks.ca\/wp-content\/uploads\/2020\/11\/Custom-Hockey-Sticks-Gift-Card.jpg","type":"image\/jpeg"}],"twitter_card":"summary_large_image","schema":{"@context":"https:\/\/schema.org","@graph":[{"@type":"WebPage","@id":"https:\/\/customhockeysticks.ca\/produit\/gift-card\/","url":"https:\/\/customhockeysticks.ca\/produit\/gift-card\/","name":"Custom Hockey Sticks Carte-cadeau - Custom Hockey Sticks - CHS | Fully Customizable Pro Level Hockey Sticks","isPartOf":{"@id":"https:\/\/customhockeysticks.ca\/#website"},"primaryImageOfPage":{"@id":"https:\/\/customhockeysticks.ca\/produit\/gift-card\/#primaryimage"},"image":{"@id":"https:\/\/customhockeysticks.ca\/produit\/gift-card\/#primaryimage"},"thumbnailUrl":"https:\/\/customhockeysticks.ca\/wp-content\/uploads\/2020\/11\/Custom-Hockey-Sticks-Gift-Card.jpg","datePublished":"2020-11-21T18:51:25+00:00","dateModified":"2020-12-05T14:05:32+00:00","breadcrumb":{"@id":"https:\/\/customhockeysticks.ca\/produit\/gift-card\/#breadcrumb"},"inLanguage":"fr-FR","potentialAction":[{"@type":"ReadAction","target":["https:\/\/customhockeysticks.ca\/produit\/gift-card\/"]}]},{"@type":"ImageObject","inLanguage":"fr-FR","@id":"https:\/\/customhockeysticks.ca\/produit\/gift-card\/#primaryimage","url":"https:\/\/customhockeysticks.ca\/wp-content\/uploads\/2020\/11\/Custom-Hockey-Sticks-Gift-Card.jpg","contentUrl":"https:\/\/customhockeysticks.ca\/wp-content\/uploads\/2020\/11\/Custom-Hockey-Sticks-Gift-Card.jpg","width":650,"height":650},{"@type":"BreadcrumbList","@id":"https:\/\/customhockeysticks.ca\/produit\/gift-card\/#breadcrumb","itemListElement":[{"@type":"ListItem","position":1,"name":"Home","item":"https:\/\/customhockeysticks.ca\/"},{"@type":"ListItem","position":2,"name":"Boutique","item":"https:\/\/customhockeysticks.ca\/shop\/"},{"@type":"ListItem","position":3,"name":"Custom Hockey Sticks Carte-cadeau"}]},{"@type":"WebSite","@id":"https:\/\/customhockeysticks.ca\/#website","url":"https:\/\/customhockeysticks.ca\/","name":"Custom Hockey Sticks - CHS | Fully Customizable Pro Level Hockey Sticks","description":"Custom Hockey Sticks offers professional grade, fully customizable, carbon graphite hockey sticks without an expensive price tag.","potentialAction":[{"@type":"SearchAction","target":{"@type":"EntryPoint","urlTemplate":"https:\/\/customhockeysticks.ca\/?s={search_term_string}"},"query-input":{"@type":"PropertyValueSpecification","valueRequired":true,"valueName":"search_term_string"}}],"inLanguage":"fr-FR"}]}},"wcpa_form_fields":null,"_links":{"self":[{"href":"https:\/\/customhockeysticks.ca\/fr\/wp-json\/wp\/v2\/product\/7473","targetHints":{"allow":["GET"]}}],"collection":[{"href":"https:\/\/customhockeysticks.ca\/fr\/wp-json\/wp\/v2\/product"}],"about":[{"href":"https:\/\/customhockeysticks.ca\/fr\/wp-json\/wp\/v2\/types\/product"}],"version-history":[{"count":0,"href":"https:\/\/customhockeysticks.ca\/fr\/wp-json\/wp\/v2\/product\/7473\/revisions"}],"wp:featuredmedia":[{"embeddable":true,"href":"https:\/\/customhockeysticks.ca\/fr\/wp-json\/wp\/v2\/media\/31591"}],"wp:attachment":[{"href":"https:\/\/customhockeysticks.ca\/fr\/wp-json\/wp\/v2\/media?parent=7473"}],"wp:term":[{"taxonomy":"product_brand","embeddable":true,"href":"https:\/\/customhockeysticks.ca\/fr\/wp-json\/wp\/v2\/product_brand?post=7473"},{"taxonomy":"product_cat","embeddable":true,"href":"https:\/\/customhockeysticks.ca\/fr\/wp-json\/wp\/v2\/product_cat?post=7473"},{"taxonomy":"product_tag","embeddable":true,"href":"https:\/\/customhockeysticks.ca\/fr\/wp-json\/wp\/v2\/product_tag?post=7473"}],"curies":[{"name":"wp","href":"https:\/\/api.w.org\/{rel}","templated":true}]}}